{"id":12924,"date":"2019-10-03T11:00:02","date_gmt":"2019-10-03T10:00:02","guid":{"rendered":"https:\/\/inr-sa.ch\/produkte\/maschinenabdeckung\/"},"modified":"2019-10-03T11:00:03","modified_gmt":"2019-10-03T10:00:03","slug":"maschinenabdeckung","status":"publish","type":"page","link":"https:\/\/inr-sa.ch\/de\/produkte\/maschinenabdeckung\/","title":{"rendered":"Maschinenabdeckung"},"content":{"rendered":"<p><div id=\"spritzguss\" class=\"fusion-container-anchor\"><div class=\"fusion-fullwidth fullwidth-box fusion-builder-row-1 nonhundred-percent-fullwidth non-hundred-percent-height-scrolling\" style=\"--awb-background-position:left top;--awb-border-radius-top-left:0px;--awb-border-radius-top-right:0px;--awb-border-radius-bottom-right:0px;--awb-border-radius-bottom-left:0px;--awb-padding-top:0px;--awb-padding-right:0px;--awb-padding-bottom:0px;--awb-padding-left:0px;--awb-border-sizes-top:0px;--awb-border-sizes-bottom:0px;\" ><div class=\"fusion-builder-row fusion-row\"><div class=\"fusion-layout-column fusion_builder_column fusion-builder-column-0 fusion_builder_column_1_1 1_1 fusion-one-full fusion-column-first fusion-column-last fusion-column-no-min-height\" style=\"--awb-bg-size:cover;--awb-margin-bottom:0px;\"><div class=\"fusion-column-wrapper fusion-flex-column-wrapper-legacy\"><div class=\"fusion-text fusion-text-1\"><h2 class=\"orange\" style=\"text-align: center;\">&#8211; Maschinenabdeckung &#8211;<\/h2>\n<\/div><div class=\"fusion-sep-clear\"><\/div><div class=\"fusion-separator fusion-has-icon fusion-full-width-sep\" style=\"margin-left: auto;margin-right: auto;margin-top:20px;margin-bottom:0px;width:100%;\"><div class=\"fusion-separator-border sep-single sep-solid\" style=\"--awb-height:20px;--awb-amount:20px;--awb-sep-color:#f16e09;border-color:#f16e09;border-top-width:2px;\"><\/div><span class=\"icon-wrapper\" style=\"border-color:#f16e09;background-color:#ffffff;font-size:14px;width: 1.75em; height: 1.75em;border-width:2px;padding:2px;margin-top:-1px\"><i class=\" fa fa-angle-down\" style=\"font-size: inherit;color:#f16e09;\" aria-hidden=\"true\"><\/i><\/span><div class=\"fusion-separator-border sep-single sep-solid\" style=\"--awb-height:20px;--awb-amount:20px;--awb-sep-color:#f16e09;border-color:#f16e09;border-top-width:2px;\"><\/div><\/div><div class=\"fusion-sep-clear\"><\/div><div class=\"fusion-clearfix\"><\/div><\/div><\/div><\/div><\/div><\/div><div class=\"fusion-fullwidth fullwidth-box fusion-builder-row-2 nonhundred-percent-fullwidth non-hundred-percent-height-scrolling\" style=\"--awb-background-position:left top;--awb-border-radius-top-left:0px;--awb-border-radius-top-right:0px;--awb-border-radius-bottom-right:0px;--awb-border-radius-bottom-left:0px;--awb-padding-top:30px;--awb-padding-right:0px;--awb-padding-bottom:20px;--awb-padding-left:0px;--awb-background-color:#f2f2f2;--awb-border-sizes-top:0px;--awb-border-sizes-bottom:0px;\" ><div class=\"fusion-builder-row fusion-row\"><div class=\"fusion-layout-column fusion_builder_column fusion-builder-column-1 fusion_builder_column_1_1 1_1 fusion-one-full fusion-column-first fusion-column-last\" style=\"--awb-bg-size:cover;\"><div class=\"fusion-column-wrapper fusion-flex-column-wrapper-legacy\"><div class=\"fusion-text fusion-text-2\"><p style=\"text-align: center;\"><a href=\"https:\/\/inr-sa.ch\/de\/rim-spritzguss\/\">Das RIM-Spritzgussverfahren <\/a> und <a href=\"https:\/\/inr-sa.ch\/de\/technologies-de\/sonstige-technische-prozesse\/\">das Polyesterverbundverfahren <\/a>sind f\u00fcr die Herstellung von Verkleidungen und \u00dcberrollungen von Maschinen in kleinen und mittleren Serien ausgelegt.<\/p>\n<p style=\"text-align: center;\">Dies sind \u00e4sthetische Teile, welche intern lackiert werden.<\/p>\n<p style=\"text-align: center;\">Beschriftungen (Tampondruck, Siebdruck, Aufkleber, etc.) k\u00f6nnen integriert werden.<\/p>\n<p style=\"text-align: center;\">Die Kunden von INR kommen haupts\u00e4chlich aus den Bereichen Laborger\u00e4te (Medizinprodukte) und Werkzeugmaschinen.<\/p>\n<p style=\"text-align: center;\">Nous r\u00e9alisons des pi\u00e8ces en substitution de pi\u00e8ces m\u00e9caniques, pi\u00e8ces de fonderie, pi\u00e8ce en <a href=\"https:\/\/inr-sa.ch\/de\/thermoplastspritzen\/\">injection plastique<\/a>, thermoformage, pi\u00e8ces de t\u00f4lerie, \u2026<\/p>\n<p style=\"text-align: center;\">INR kann die Montage von komplement\u00e4ren Komponenten (Schrauben, Steckverbinder, elektronische Elemente und verschiedene Zubeh\u00f6rteile&#8230;.) integrieren.<\/p>\n<\/div><div class=\"fusion-clearfix\"><\/div><\/div><\/div><div class=\"fusion-layout-column fusion_builder_column fusion-builder-column-2 fusion_builder_column_1_1 1_1 fusion-one-full fusion-column-first fusion-column-last fusion-column-no-min-height\" style=\"--awb-bg-size:cover;--awb-margin-bottom:0px;\"><div class=\"fusion-column-wrapper fusion-flex-column-wrapper-legacy\"><div class=\"awb-gallery-wrapper awb-gallery-wrapper-1 button-span-no\"><div style=\"margin:-2px;--awb-bordersize:0px;\" class=\"fusion-gallery fusion-gallery-container fusion-grid-3 fusion-columns-total-10 fusion-gallery-layout-masonry fusion-gallery-1\"><div class=\"fusion-grid-column fusion-gallery-column fusion-gallery-column-3 hover-type-zoomin fusion-grid-sizer\"><\/div><div style=\"padding:2.5px;\" class=\"fusion-grid-column fusion-gallery-column fusion-gallery-column-3 hover-type-zoomin fusion-element-grid\"><div class=\"fusion-gallery-image\"><a href=\"https:\/\/inr-sa.ch\/wp-content\/uploads\/2019\/05\/Capotage-microscope-en-r\u00e9sine-polyur\u00e9thane-UL94V0-1.jpg\" rel=\"noreferrer\" data-rel=\"iLightbox[gallery_image_1]\" class=\"fusion-lightbox\" target=\"_self\"><div style=\"background-image:url(https:\/\/inr-sa.ch\/wp-content\/uploads\/2019\/05\/Capotage-microscope-en-r\u00e9sine-polyur\u00e9thane-UL94V0-1.jpg);padding-top:calc((100% + 4px) * 0.8 - 2.5px);background-position:;\" class=\"fusion-masonry-element-container\"><img decoding=\"async\" src=\"https:\/\/inr-sa.ch\/wp-content\/uploads\/2019\/05\/Capotage-microscope-en-r\u00e9sine-polyur\u00e9thane-UL94V0-1.jpg\" width=\"1200\" height=\"800\" alt=\"Car\u00e9nages microscope\" title=\"Capotage-microscope-en-r\u00e9sine-polyur\u00e9thane-UL94V0\" aria-label=\"Capotage-microscope-en-r\u00e9sine-polyur\u00e9thane-UL94V0\" class=\"img-responsive wp-image-12732 fusion-gallery-image-size-fixed\" srcset=\"https:\/\/inr-sa.ch\/wp-content\/uploads\/2019\/05\/Capotage-microscope-en-r\u00e9sine-polyur\u00e9thane-UL94V0-1-200x133.jpg 200w, https:\/\/inr-sa.ch\/wp-content\/uploads\/2019\/05\/Capotage-microscope-en-r\u00e9sine-polyur\u00e9thane-UL94V0-1-400x267.jpg 400w, https:\/\/inr-sa.ch\/wp-content\/uploads\/2019\/05\/Capotage-microscope-en-r\u00e9sine-polyur\u00e9thane-UL94V0-1-600x400.jpg 600w, https:\/\/inr-sa.ch\/wp-content\/uploads\/2019\/05\/Capotage-microscope-en-r\u00e9sine-polyur\u00e9thane-UL94V0-1-800x533.jpg 800w, https:\/\/inr-sa.ch\/wp-content\/uploads\/2019\/05\/Capotage-microscope-en-r\u00e9sine-polyur\u00e9thane-UL94V0-1.jpg 1200w\" sizes=\"(min-width: 2200px) 100vw, (min-width: 784px) 389px, (min-width: 712px) 583px, (min-width: 640px) 712px, \" \/><\/div><\/a><\/div><\/div><div style=\"padding:2.5px;\" class=\"fusion-grid-column fusion-gallery-column fusion-gallery-column-3 hover-type-zoomin fusion-element-grid\"><div class=\"fusion-gallery-image\"><a href=\"https:\/\/inr-sa.ch\/wp-content\/uploads\/2019\/05\/Capotage-d\u2019un-dispositif-innovant-de-diagnostic-des-tissus-en-r\u00e9sine-polyur\u00e9thane-UL94V0-1.jpg\" rel=\"noreferrer\" data-rel=\"iLightbox[gallery_image_1]\" class=\"fusion-lightbox\" target=\"_self\"><div style=\"background-image:url(https:\/\/inr-sa.ch\/wp-content\/uploads\/2019\/05\/Capotage-d\u2019un-dispositif-innovant-de-diagnostic-des-tissus-en-r\u00e9sine-polyur\u00e9thane-UL94V0-1.jpg);padding-top:calc((100% + 4px) * 0.8 - 2.5px);background-position:;\" class=\"fusion-masonry-element-container\"><img decoding=\"async\" src=\"https:\/\/inr-sa.ch\/wp-content\/uploads\/2019\/05\/Capotage-d\u2019un-dispositif-innovant-de-diagnostic-des-tissus-en-r\u00e9sine-polyur\u00e9thane-UL94V0-1.jpg\" width=\"1200\" height=\"800\" alt=\"capotage appareil de diagnostique\" title=\"Capotage-d\u2019un-dispositif-innovant-de-diagnostic-des-tissus-en-r\u00e9sine-polyur\u00e9thane-UL94V0\" aria-label=\"Capotage-d\u2019un-dispositif-innovant-de-diagnostic-des-tissus-en-r\u00e9sine-polyur\u00e9thane-UL94V0\" class=\"img-responsive wp-image-12738 fusion-gallery-image-size-fixed\" srcset=\"https:\/\/inr-sa.ch\/wp-content\/uploads\/2019\/05\/Capotage-d\u2019un-dispositif-innovant-de-diagnostic-des-tissus-en-r\u00e9sine-polyur\u00e9thane-UL94V0-1-200x133.jpg 200w, https:\/\/inr-sa.ch\/wp-content\/uploads\/2019\/05\/Capotage-d\u2019un-dispositif-innovant-de-diagnostic-des-tissus-en-r\u00e9sine-polyur\u00e9thane-UL94V0-1-400x267.jpg 400w, https:\/\/inr-sa.ch\/wp-content\/uploads\/2019\/05\/Capotage-d\u2019un-dispositif-innovant-de-diagnostic-des-tissus-en-r\u00e9sine-polyur\u00e9thane-UL94V0-1-600x400.jpg 600w, https:\/\/inr-sa.ch\/wp-content\/uploads\/2019\/05\/Capotage-d\u2019un-dispositif-innovant-de-diagnostic-des-tissus-en-r\u00e9sine-polyur\u00e9thane-UL94V0-1-800x533.jpg 800w, https:\/\/inr-sa.ch\/wp-content\/uploads\/2019\/05\/Capotage-d\u2019un-dispositif-innovant-de-diagnostic-des-tissus-en-r\u00e9sine-polyur\u00e9thane-UL94V0-1.jpg 1200w\" sizes=\"(min-width: 2200px) 100vw, (min-width: 784px) 389px, (min-width: 712px) 583px, (min-width: 640px) 712px, \" \/><\/div><\/a><\/div><\/div><div style=\"padding:2.5px;\" class=\"fusion-grid-column fusion-gallery-column fusion-gallery-column-3 hover-type-zoomin fusion-element-landscape\"><div class=\"fusion-gallery-image\"><a href=\"https:\/\/inr-sa.ch\/wp-content\/uploads\/2016\/07\/capot-instrumentation-de-laboratoire.jpg\" rel=\"noreferrer\" data-rel=\"iLightbox[gallery_image_1]\" class=\"fusion-lightbox\" target=\"_self\"><div style=\"background-image:url(https:\/\/inr-sa.ch\/wp-content\/uploads\/2016\/07\/capot-instrumentation-de-laboratoire.jpg);padding-top:calc((100% + 4px) * 0.4 - 2.5px);background-position:;\" class=\"fusion-masonry-element-container\"><img decoding=\"async\" src=\"https:\/\/inr-sa.ch\/wp-content\/uploads\/2016\/07\/capot-instrumentation-de-laboratoire.jpg\" width=\"1024\" height=\"576\" alt=\"Capotage appareil d\u2019instrumentation de laboratoire\" title=\"Capot instrumentation de laboratoire\" aria-label=\"Capot instrumentation de laboratoire\" class=\"img-responsive wp-image-12410 fusion-gallery-image-size-fixed\" srcset=\"https:\/\/inr-sa.ch\/wp-content\/uploads\/2016\/07\/capot-instrumentation-de-laboratoire-600x338.jpg 600w, https:\/\/inr-sa.ch\/wp-content\/uploads\/2016\/07\/capot-instrumentation-de-laboratoire.jpg 1024w\" sizes=\"(min-width: 2200px) 100vw, (min-width: 640px) 1170px, \" \/><\/div><\/a><\/div><\/div><div style=\"padding:2.5px;\" class=\"fusion-grid-column fusion-gallery-column fusion-gallery-column-3 hover-type-zoomin fusion-element-grid\"><div class=\"fusion-gallery-image\"><a href=\"https:\/\/inr-sa.ch\/wp-content\/uploads\/2015\/10\/microscope_2.jpg\" rel=\"noreferrer\" data-rel=\"iLightbox[gallery_image_1]\" class=\"fusion-lightbox\" target=\"_self\"><div style=\"background-image:url(https:\/\/inr-sa.ch\/wp-content\/uploads\/2015\/10\/microscope_2.jpg);padding-top:calc((100% + 4px) * 0.8 - 2.5px);background-position:;\" class=\"fusion-masonry-element-container\"><img decoding=\"async\" src=\"https:\/\/inr-sa.ch\/wp-content\/uploads\/2015\/10\/microscope_2.jpg\" width=\"764\" height=\"488\" alt=\"Microscope\" title=\"Microscope Lyncee\" aria-label=\"Microscope Lyncee\" class=\"img-responsive wp-image-12255 fusion-gallery-image-size-fixed\" srcset=\"https:\/\/inr-sa.ch\/wp-content\/uploads\/2015\/10\/microscope_2-600x383.jpg 600w, https:\/\/inr-sa.ch\/wp-content\/uploads\/2015\/10\/microscope_2.jpg 764w\" sizes=\"(min-width: 2200px) 100vw, (min-width: 784px) 389px, (min-width: 712px) 583px, (min-width: 640px) 712px, \" \/><\/div><\/a><\/div><\/div><div style=\"padding:2.5px;\" class=\"fusion-grid-column fusion-gallery-column fusion-gallery-column-3 hover-type-zoomin fusion-element-landscape fusion-element-portrait\"><div class=\"fusion-gallery-image\"><a href=\"https:\/\/inr-sa.ch\/wp-content\/uploads\/2016\/07\/DSC06537_d-\u00aetour-\u00aee.png\" rel=\"noreferrer\" data-rel=\"iLightbox[gallery_image_1]\" class=\"fusion-lightbox\" target=\"_self\"><div style=\"background-image:url(https:\/\/inr-sa.ch\/wp-content\/uploads\/2016\/07\/DSC06537_d-\u00aetour-\u00aee.png);padding-top:calc((100% + 4px) * 0.8);background-position:;\" class=\"fusion-masonry-element-container\"><img decoding=\"async\" src=\"https:\/\/inr-sa.ch\/wp-content\/uploads\/2016\/07\/DSC06537_d-\u00aetour-\u00aee.png\" width=\"4896\" height=\"3672\" alt=\"Commande num\u00e9rique\" title=\"Commande num\u00e9rique\" aria-label=\"Commande num\u00e9rique\" class=\"img-responsive wp-image-12404 fusion-gallery-image-size-fixed\" srcset=\"https:\/\/inr-sa.ch\/wp-content\/uploads\/2016\/07\/DSC06537_d-\u00aetour-\u00aee-600x450.png 600w, https:\/\/inr-sa.ch\/wp-content\/uploads\/2016\/07\/DSC06537_d-\u00aetour-\u00aee.png 4896w\" sizes=\"(min-width: 2200px) 100vw, (min-width: 640px) 1170px, \" \/><\/div><\/a><\/div><\/div><div style=\"padding:2.5px;\" class=\"fusion-grid-column fusion-gallery-column fusion-gallery-column-3 hover-type-zoomin fusion-element-grid\"><div class=\"fusion-gallery-image\"><a href=\"https:\/\/inr-sa.ch\/wp-content\/uploads\/2015\/07\/carosserie-polyester.jpg\" rel=\"noreferrer\" data-rel=\"iLightbox[gallery_image_1]\" class=\"fusion-lightbox\" target=\"_self\"><div style=\"background-image:url(https:\/\/inr-sa.ch\/wp-content\/uploads\/2015\/07\/carosserie-polyester.jpg);padding-top:calc((100% + 4px) * 0.8 - 2.5px);background-position:;\" class=\"fusion-masonry-element-container\"><img decoding=\"async\" src=\"https:\/\/inr-sa.ch\/wp-content\/uploads\/2015\/07\/carosserie-polyester.jpg\" width=\"764\" height=\"488\" alt=\"Robot de pipetage\" title=\"Robot de pipetage\" aria-label=\"Robot de pipetage\" class=\"img-responsive wp-image-12175 fusion-gallery-image-size-fixed\" srcset=\"https:\/\/inr-sa.ch\/wp-content\/uploads\/2015\/07\/carosserie-polyester-600x383.jpg 600w, https:\/\/inr-sa.ch\/wp-content\/uploads\/2015\/07\/carosserie-polyester.jpg 764w\" sizes=\"(min-width: 2200px) 100vw, (min-width: 784px) 389px, (min-width: 712px) 583px, (min-width: 640px) 712px, \" \/><\/div><\/a><\/div><\/div><div style=\"padding:2.5px;\" class=\"fusion-grid-column fusion-gallery-column fusion-gallery-column-3 hover-type-zoomin fusion-element-grid\"><div class=\"fusion-gallery-image\"><a href=\"https:\/\/inr-sa.ch\/wp-content\/uploads\/2015\/07\/RIM-capot-moteur.jpg\" rel=\"noreferrer\" data-rel=\"iLightbox[gallery_image_1]\" class=\"fusion-lightbox\" target=\"_self\"><div style=\"background-image:url(https:\/\/inr-sa.ch\/wp-content\/uploads\/2015\/07\/RIM-capot-moteur.jpg);padding-top:calc((100% + 4px) * 0.8 - 2.5px);background-position:;\" class=\"fusion-masonry-element-container\"><img decoding=\"async\" src=\"https:\/\/inr-sa.ch\/wp-content\/uploads\/2015\/07\/RIM-capot-moteur.jpg\" width=\"764\" height=\"488\" alt=\"Machine de polissage\" title=\"Machine de polissage\" aria-label=\"Machine de polissage\" class=\"img-responsive wp-image-12177 fusion-gallery-image-size-fixed\" srcset=\"https:\/\/inr-sa.ch\/wp-content\/uploads\/2015\/07\/RIM-capot-moteur-600x383.jpg 600w, https:\/\/inr-sa.ch\/wp-content\/uploads\/2015\/07\/RIM-capot-moteur.jpg 764w\" sizes=\"(min-width: 2200px) 100vw, (min-width: 784px) 389px, (min-width: 712px) 583px, (min-width: 640px) 712px, \" \/><\/div><\/a><\/div><\/div><div style=\"padding:2.5px;\" class=\"fusion-grid-column fusion-gallery-column fusion-gallery-column-3 hover-type-zoomin fusion-element-grid\"><div class=\"fusion-gallery-image\"><a href=\"https:\/\/inr-sa.ch\/wp-content\/uploads\/2012\/07\/projet-3.jpg\" rel=\"noreferrer\" data-rel=\"iLightbox[gallery_image_1]\" class=\"fusion-lightbox\" target=\"_self\"><div style=\"background-image:url(https:\/\/inr-sa.ch\/wp-content\/uploads\/2012\/07\/projet-3.jpg);padding-top:calc((100% + 4px) * 0.8 - 2.5px);background-position:;\" class=\"fusion-masonry-element-container\"><img decoding=\"async\" src=\"https:\/\/inr-sa.ch\/wp-content\/uploads\/2012\/07\/projet-3.jpg\" width=\"764\" height=\"488\" alt=\"Machine fa\u00e7onnage carton\" title=\"Machine fa\u00e7onnage carton\" aria-label=\"Machine fa\u00e7onnage carton\" class=\"img-responsive wp-image-11795 fusion-gallery-image-size-fixed\" srcset=\"https:\/\/inr-sa.ch\/wp-content\/uploads\/2012\/07\/projet-3-600x383.jpg 600w, https:\/\/inr-sa.ch\/wp-content\/uploads\/2012\/07\/projet-3.jpg 764w\" sizes=\"(min-width: 2200px) 100vw, (min-width: 784px) 389px, (min-width: 712px) 583px, (min-width: 640px) 712px, \" \/><\/div><\/a><\/div><\/div><div style=\"padding:2.5px;\" class=\"fusion-grid-column fusion-gallery-column fusion-gallery-column-3 hover-type-zoomin fusion-element-grid\"><div class=\"fusion-gallery-image\"><a href=\"https:\/\/inr-sa.ch\/wp-content\/uploads\/2012\/07\/projet-4.jpg\" rel=\"noreferrer\" data-rel=\"iLightbox[gallery_image_1]\" class=\"fusion-lightbox\" target=\"_self\"><div style=\"background-image:url(https:\/\/inr-sa.ch\/wp-content\/uploads\/2012\/07\/projet-4.jpg);padding-top:calc((100% + 4px) * 0.8 - 2.5px);background-position:;\" class=\"fusion-masonry-element-container\"><img decoding=\"async\" src=\"https:\/\/inr-sa.ch\/wp-content\/uploads\/2012\/07\/projet-4.jpg\" width=\"764\" height=\"488\" alt=\"appareil d\u2019instrumentation de laboratoire\" title=\"appareil d\u2019instrumentation de laboratoire\" aria-label=\"appareil d\u2019instrumentation de laboratoire\" class=\"img-responsive wp-image-11791 fusion-gallery-image-size-fixed\" srcset=\"https:\/\/inr-sa.ch\/wp-content\/uploads\/2012\/07\/projet-4-600x383.jpg 600w, https:\/\/inr-sa.ch\/wp-content\/uploads\/2012\/07\/projet-4.jpg 764w\" sizes=\"(min-width: 2200px) 100vw, (min-width: 784px) 389px, (min-width: 712px) 583px, (min-width: 640px) 712px, \" \/><\/div><\/a><\/div><\/div><div style=\"padding:2.5px;\" class=\"fusion-grid-column fusion-gallery-column fusion-gallery-column-3 hover-type-zoomin fusion-element-grid\"><div class=\"fusion-gallery-image\"><a href=\"https:\/\/inr-sa.ch\/wp-content\/uploads\/2012\/07\/projet-7.jpg\" rel=\"noreferrer\" data-rel=\"iLightbox[gallery_image_1]\" class=\"fusion-lightbox\" target=\"_self\"><div style=\"background-image:url(https:\/\/inr-sa.ch\/wp-content\/uploads\/2012\/07\/projet-7.jpg);padding-top:calc((100% + 4px) * 0.8 - 2.5px);background-position:;\" class=\"fusion-masonry-element-container\"><img decoding=\"async\" src=\"https:\/\/inr-sa.ch\/wp-content\/uploads\/2012\/07\/projet-7.jpg\" width=\"764\" height=\"488\" alt=\"Appareil d\u2019instrumentation de laboratoire\" title=\"Appareil d\u2019instrumentation de laboratoire\" aria-label=\"Appareil d\u2019instrumentation de laboratoire\" class=\"img-responsive wp-image-11794 fusion-gallery-image-size-fixed\" srcset=\"https:\/\/inr-sa.ch\/wp-content\/uploads\/2012\/07\/projet-7-600x383.jpg 600w, https:\/\/inr-sa.ch\/wp-content\/uploads\/2012\/07\/projet-7.jpg 764w\" sizes=\"(min-width: 2200px) 100vw, (min-width: 784px) 389px, (min-width: 712px) 583px, (min-width: 640px) 712px, \" \/><\/div><\/a><\/div><\/div><\/div><\/div><div class=\"fusion-clearfix\"><\/div><\/div><\/div><\/div><\/div><\/p>\n","protected":false},"excerpt":{"rendered":"","protected":false},"author":1,"featured_media":0,"parent":12268,"menu_order":0,"comment_status":"closed","ping_status":"closed","template":"100-width.php","meta":[],"yoast_head":"<!-- This site is optimized with the Yoast SEO plugin v20.5 - https:\/\/yoast.com\/wordpress\/plugins\/seo\/ -->\n<title>Maschinenabdeckung - Medizinische Kunststoffspritze - Maschinenabdeckung<\/title>\n<meta name=\"description\" content=\"Maschinenverkleidung durch INR SA. Konsultieren Sie unser Sortiment an Spritzgussprodukten, wir fertigen viele Maschinenabdeckungen sowie spezifische medizinische Kunststoffspritzungen in mittleren und kleinen Serien.\" \/>\n<meta name=\"robots\" content=\"index, follow, max-snippet:-1, max-image-preview:large, max-video-preview:-1\" \/>\n<link rel=\"canonical\" href=\"https:\/\/inr-sa.ch\/de\/produkte\/maschinenabdeckung\/\" \/>\n<meta property=\"og:locale\" content=\"de_DE\" \/>\n<meta property=\"og:type\" content=\"article\" \/>\n<meta property=\"og:title\" content=\"Maschinenabdeckung - Medizinische Kunststoffspritze - Maschinenabdeckung\" \/>\n<meta property=\"og:description\" content=\"Maschinenverkleidung durch INR SA. Konsultieren Sie unser Sortiment an Spritzgussprodukten, wir fertigen viele Maschinenabdeckungen sowie spezifische medizinische Kunststoffspritzungen in mittleren und kleinen Serien.\" \/>\n<meta property=\"og:url\" content=\"https:\/\/inr-sa.ch\/de\/produkte\/maschinenabdeckung\/\" \/>\n<meta property=\"og:site_name\" content=\"INR SA - Plastics and Composites Solutions\" \/>\n<meta property=\"article:modified_time\" content=\"2019-10-03T10:00:03+00:00\" \/>\n<meta name=\"twitter:card\" content=\"summary_large_image\" \/>\n<meta name=\"twitter:label1\" content=\"Gesch\u00e4tzte Lesezeit\" \/>\n\t<meta name=\"twitter:data1\" content=\"4\u00a0Minuten\" \/>\n<script type=\"application\/ld+json\" class=\"yoast-schema-graph\">{\"@context\":\"https:\/\/schema.org\",\"@graph\":[{\"@type\":\"WebPage\",\"@id\":\"https:\/\/inr-sa.ch\/de\/produkte\/maschinenabdeckung\/\",\"url\":\"https:\/\/inr-sa.ch\/de\/produkte\/maschinenabdeckung\/\",\"name\":\"Maschinenabdeckung - Medizinische Kunststoffspritze - Maschinenabdeckung\",\"isPartOf\":{\"@id\":\"https:\/\/inr-sa.ch\/#website\"},\"datePublished\":\"2019-10-03T10:00:02+00:00\",\"dateModified\":\"2019-10-03T10:00:03+00:00\",\"description\":\"Maschinenverkleidung durch INR SA. Konsultieren Sie unser Sortiment an Spritzgussprodukten, wir fertigen viele Maschinenabdeckungen sowie spezifische medizinische Kunststoffspritzungen in mittleren und kleinen Serien.\",\"breadcrumb\":{\"@id\":\"https:\/\/inr-sa.ch\/de\/produkte\/maschinenabdeckung\/#breadcrumb\"},\"inLanguage\":\"de\",\"potentialAction\":[{\"@type\":\"ReadAction\",\"target\":[\"https:\/\/inr-sa.ch\/de\/produkte\/maschinenabdeckung\/\"]}]},{\"@type\":\"BreadcrumbList\",\"@id\":\"https:\/\/inr-sa.ch\/de\/produkte\/maschinenabdeckung\/#breadcrumb\",\"itemListElement\":[{\"@type\":\"ListItem\",\"position\":1,\"name\":\"Accueil\",\"item\":\"https:\/\/inr-sa.ch\/de\/\"},{\"@type\":\"ListItem\",\"position\":2,\"name\":\"Produits DE\",\"item\":\"https:\/\/inr-sa.ch\/de\/produkte\/\"},{\"@type\":\"ListItem\",\"position\":3,\"name\":\"Maschinenabdeckung\"}]},{\"@type\":\"WebSite\",\"@id\":\"https:\/\/inr-sa.ch\/#website\",\"url\":\"https:\/\/inr-sa.ch\/\",\"name\":\"INR SA - Plastics and Composites Solutions\",\"description\":\"\",\"potentialAction\":[{\"@type\":\"SearchAction\",\"target\":{\"@type\":\"EntryPoint\",\"urlTemplate\":\"https:\/\/inr-sa.ch\/?s={search_term_string}\"},\"query-input\":\"required name=search_term_string\"}],\"inLanguage\":\"de\"}]}<\/script>\n<!-- \/ Yoast SEO plugin. -->","yoast_head_json":{"title":"Maschinenabdeckung - Medizinische Kunststoffspritze - Maschinenabdeckung","description":"Maschinenverkleidung durch INR SA. Konsultieren Sie unser Sortiment an Spritzgussprodukten, wir fertigen viele Maschinenabdeckungen sowie spezifische medizinische Kunststoffspritzungen in mittleren und kleinen Serien.","robots":{"index":"index","follow":"follow","max-snippet":"max-snippet:-1","max-image-preview":"max-image-preview:large","max-video-preview":"max-video-preview:-1"},"canonical":"https:\/\/inr-sa.ch\/de\/produkte\/maschinenabdeckung\/","og_locale":"de_DE","og_type":"article","og_title":"Maschinenabdeckung - Medizinische Kunststoffspritze - Maschinenabdeckung","og_description":"Maschinenverkleidung durch INR SA. Konsultieren Sie unser Sortiment an Spritzgussprodukten, wir fertigen viele Maschinenabdeckungen sowie spezifische medizinische Kunststoffspritzungen in mittleren und kleinen Serien.","og_url":"https:\/\/inr-sa.ch\/de\/produkte\/maschinenabdeckung\/","og_site_name":"INR SA - Plastics and Composites Solutions","article_modified_time":"2019-10-03T10:00:03+00:00","twitter_card":"summary_large_image","twitter_misc":{"Gesch\u00e4tzte Lesezeit":"4\u00a0Minuten"},"schema":{"@context":"https:\/\/schema.org","@graph":[{"@type":"WebPage","@id":"https:\/\/inr-sa.ch\/de\/produkte\/maschinenabdeckung\/","url":"https:\/\/inr-sa.ch\/de\/produkte\/maschinenabdeckung\/","name":"Maschinenabdeckung - Medizinische Kunststoffspritze - Maschinenabdeckung","isPartOf":{"@id":"https:\/\/inr-sa.ch\/#website"},"datePublished":"2019-10-03T10:00:02+00:00","dateModified":"2019-10-03T10:00:03+00:00","description":"Maschinenverkleidung durch INR SA. Konsultieren Sie unser Sortiment an Spritzgussprodukten, wir fertigen viele Maschinenabdeckungen sowie spezifische medizinische Kunststoffspritzungen in mittleren und kleinen Serien.","breadcrumb":{"@id":"https:\/\/inr-sa.ch\/de\/produkte\/maschinenabdeckung\/#breadcrumb"},"inLanguage":"de","potentialAction":[{"@type":"ReadAction","target":["https:\/\/inr-sa.ch\/de\/produkte\/maschinenabdeckung\/"]}]},{"@type":"BreadcrumbList","@id":"https:\/\/inr-sa.ch\/de\/produkte\/maschinenabdeckung\/#breadcrumb","itemListElement":[{"@type":"ListItem","position":1,"name":"Accueil","item":"https:\/\/inr-sa.ch\/de\/"},{"@type":"ListItem","position":2,"name":"Produits DE","item":"https:\/\/inr-sa.ch\/de\/produkte\/"},{"@type":"ListItem","position":3,"name":"Maschinenabdeckung"}]},{"@type":"WebSite","@id":"https:\/\/inr-sa.ch\/#website","url":"https:\/\/inr-sa.ch\/","name":"INR SA - Plastics and Composites Solutions","description":"","potentialAction":[{"@type":"SearchAction","target":{"@type":"EntryPoint","urlTemplate":"https:\/\/inr-sa.ch\/?s={search_term_string}"},"query-input":"required name=search_term_string"}],"inLanguage":"de"}]}},"_links":{"self":[{"href":"https:\/\/inr-sa.ch\/de\/wp-json\/wp\/v2\/pages\/12924"}],"collection":[{"href":"https:\/\/inr-sa.ch\/de\/wp-json\/wp\/v2\/pages"}],"about":[{"href":"https:\/\/inr-sa.ch\/de\/wp-json\/wp\/v2\/types\/page"}],"author":[{"embeddable":true,"href":"https:\/\/inr-sa.ch\/de\/wp-json\/wp\/v2\/users\/1"}],"replies":[{"embeddable":true,"href":"https:\/\/inr-sa.ch\/de\/wp-json\/wp\/v2\/comments?post=12924"}],"version-history":[{"count":1,"href":"https:\/\/inr-sa.ch\/de\/wp-json\/wp\/v2\/pages\/12924\/revisions"}],"predecessor-version":[{"id":12925,"href":"https:\/\/inr-sa.ch\/de\/wp-json\/wp\/v2\/pages\/12924\/revisions\/12925"}],"up":[{"embeddable":true,"href":"https:\/\/inr-sa.ch\/de\/wp-json\/wp\/v2\/pages\/12268"}],"wp:attachment":[{"href":"https:\/\/inr-sa.ch\/de\/wp-json\/wp\/v2\/media?parent=12924"}],"curies":[{"name":"wp","href":"https:\/\/api.w.org\/{rel}","templated":true}]}}