{"id":12921,"date":"2019-10-03T10:47:19","date_gmt":"2019-10-03T09:47:19","guid":{"rendered":"https:\/\/inr-sa.ch\/produkte\/rim-spritzgiesform\/"},"modified":"2022-12-01T16:56:40","modified_gmt":"2022-12-01T15:56:40","slug":"rim-spritzgiesform","status":"publish","type":"page","link":"https:\/\/inr-sa.ch\/de\/produkte\/rim-spritzgiesform\/","title":{"rendered":"RIM-Spritzgie\u00dfform"},"content":{"rendered":"<p><div id=\"spritzguss\" class=\"fusion-container-anchor\"><div class=\"fusion-fullwidth fullwidth-box fusion-builder-row-1 nonhundred-percent-fullwidth non-hundred-percent-height-scrolling\" style=\"--awb-background-position:left top;--awb-border-sizes-top:0px;--awb-border-sizes-bottom:0px;--awb-border-sizes-left:0px;--awb-border-sizes-right:0px;--awb-border-radius-top-left:0px;--awb-border-radius-top-right:0px;--awb-border-radius-bottom-right:0px;--awb-border-radius-bottom-left:0px;--awb-padding-top:0px;--awb-padding-right:0px;--awb-padding-bottom:0px;--awb-padding-left:0px;\" ><div class=\"fusion-builder-row fusion-row\"><div class=\"fusion-layout-column fusion_builder_column fusion-builder-column-0 fusion_builder_column_1_1 1_1 fusion-one-full fusion-column-first fusion-column-last fusion-column-no-min-height\" style=\"--awb-bg-size:cover;--awb-margin-bottom:0px;\"><div class=\"fusion-column-wrapper fusion-flex-column-wrapper-legacy\"><div class=\"fusion-text fusion-text-1\"><h2 class=\"orange\" style=\"text-align: center;\">&#8211; Herstellungen von spritzgussformen durch INR &#8211;<\/h2>\n<\/div><div class=\"fusion-sep-clear\"><\/div><div class=\"fusion-separator fusion-has-icon fusion-full-width-sep\" style=\"margin-left: auto;margin-right: auto;margin-top:20px;margin-bottom:0px;width:100%;\"><div class=\"fusion-separator-border sep-single sep-solid\" style=\"--awb-height:20px;--awb-amount:20px;--awb-sep-color:#f16e09;border-color:#f16e09;border-top-width:2px;\"><\/div><span class=\"icon-wrapper\" style=\"border-color:#f16e09;background-color:#ffffff;font-size:14px;width: 1.75em; height: 1.75em;border-width:2px;padding:2px;margin-top:-1px\"><i class=\" fa fa-angle-down\" style=\"font-size: inherit;color:#f16e09;\" aria-hidden=\"true\"><\/i><\/span><div class=\"fusion-separator-border sep-single sep-solid\" style=\"--awb-height:20px;--awb-amount:20px;--awb-sep-color:#f16e09;border-color:#f16e09;border-top-width:2px;\"><\/div><\/div><div class=\"fusion-sep-clear\"><\/div><div class=\"fusion-clearfix\"><\/div><\/div><\/div><\/div><\/div><\/div><div class=\"fusion-fullwidth fullwidth-box fusion-builder-row-2 hundred-percent-fullwidth non-hundred-percent-height-scrolling\" style=\"--awb-border-radius-top-left:0px;--awb-border-radius-top-right:0px;--awb-border-radius-bottom-right:0px;--awb-border-radius-bottom-left:0px;--awb-padding-top:30px;--awb-padding-right:20px;--awb-padding-left:20px;--awb-background-color:#f2f2f2;\" ><div class=\"fusion-builder-row fusion-row\"><div class=\"fusion-layout-column fusion_builder_column fusion-builder-column-1 fusion_builder_column_1_5 1_5 fusion-one-fifth fusion-column-first\" style=\"--awb-bg-size:cover;width:16.8%; margin-right: 4%;\"><div class=\"fusion-column-wrapper fusion-flex-column-wrapper-legacy\"><div class=\"fusion-clearfix\"><\/div><\/div><\/div><div class=\"fusion-layout-column fusion_builder_column fusion-builder-column-2 fusion_builder_column_3_5 3_5 fusion-three-fifth\" style=\"--awb-bg-size:cover;width:58.4%; margin-right: 4%;\"><div class=\"fusion-column-wrapper fusion-flex-column-wrapper-legacy\"><div class=\"fusion-text fusion-text-2\"><p style=\"text-align: center;\"><a href=\"https:\/\/inr-sa.ch\/de\/rim-spritzguss\/\">L\u2019injection RIM<\/a> se r\u00e9alise avec des moules ferm\u00e9s que nous produisons en interne.<\/p>\n<p style=\"text-align: center;\"><a href=\"https:\/\/inr-sa.ch\/de\/rim-spritzguss\/\">L&#8217;injection basse pression<\/a> permet de concevoir des moules simples et donc \u00e0 moindres co\u00fbts.<\/p>\n<p style=\"text-align: center;\">Bien entendu chaque moule est sp\u00e9cifique \u00e0 la pi\u00e8ce et permet ainsi un moulage plastique sur mesure.<\/p>\n<p style=\"text-align: center;\">Die Formen bestehen haupts\u00e4chlich aus Epoxidharz. Diese Fertigungstechnologie macht es einfach, \u00c4nderungen oder Verbesserungen vorzunehmen (sehr interessant f\u00fcr die Anlaufphase).<\/p>\n<p style=\"text-align: center;\">Dies sind Standardformen, die mehrere tausend Teile herstellen k\u00f6nnen.<\/p>\n<p style=\"text-align: center;\">Die Einstellung in der Produktion ist schnell und erm\u00f6glicht so die Realisierung von Kleinserien (Los \u00e0 10 St\u00fcck).<\/p>\n<p style=\"text-align: center;\">Nous avons la m\u00eame technologie de moule pour notre process d\u2019injection plastique de <a href=\"https:\/\/inr-sa.ch\/de\/thermoplastspritzen\/\">mati\u00e8re thermoplastique<\/a>.<\/p>\n<\/div><div class=\"fusion-sep-clear\"><\/div><div class=\"fusion-separator fusion-full-width-sep\" style=\"margin-left: auto;margin-right: auto;margin-top:30px;margin-bottom:30px;width:100%;\"><div class=\"fusion-separator-border sep-single sep-solid\" style=\"--awb-height:20px;--awb-amount:20px;--awb-sep-color:#d2d3d4;border-color:#d2d3d4;border-top-width:1px;\"><\/div><\/div><div class=\"fusion-sep-clear\"><\/div><div class=\"awb-gallery-wrapper awb-gallery-wrapper-1 button-span-no\"><div style=\"margin:-2px;--awb-bordersize:0px;\" class=\"fusion-gallery fusion-gallery-container fusion-grid-2 fusion-columns-total-2 fusion-gallery-layout-grid fusion-gallery-1\"><div style=\"padding:2.5px;\" class=\"fusion-grid-column fusion-gallery-column fusion-gallery-column-2 hover-type-zoomin\"><div class=\"fusion-gallery-image\"><a href=\"https:\/\/inr-sa.ch\/wp-content\/uploads\/2015\/06\/modele_3D_3.jpg\" rel=\"noreferrer\" data-rel=\"iLightbox[gallery_image_1]\" class=\"fusion-lightbox\" target=\"_self\"><img decoding=\"async\" src=\"https:\/\/inr-sa.ch\/wp-content\/uploads\/2015\/06\/modele_3D_3.jpg\" width=\"576\" height=\"328\" alt=\"\" title=\"modele_3D_3\" aria-label=\"modele_3D_3\" class=\"img-responsive wp-image-11692\"  \/><\/a><\/div><\/div><div style=\"padding:2.5px;\" class=\"fusion-grid-column fusion-gallery-column fusion-gallery-column-2 hover-type-zoomin\"><div class=\"fusion-gallery-image\"><a href=\"https:\/\/inr-sa.ch\/wp-content\/uploads\/2015\/06\/modele_3D_4.jpg\" rel=\"noreferrer\" data-rel=\"iLightbox[gallery_image_1]\" class=\"fusion-lightbox\" target=\"_self\"><img decoding=\"async\" src=\"https:\/\/inr-sa.ch\/wp-content\/uploads\/2015\/06\/modele_3D_4.jpg\" width=\"576\" height=\"328\" alt=\"\" title=\"modele_3D_4\" aria-label=\"modele_3D_4\" class=\"img-responsive wp-image-11693\"  \/><\/a><\/div><\/div><div class=\"clearfix\"><\/div><\/div><\/div><div class=\"fusion-clearfix\"><\/div><\/div><\/div><div class=\"fusion-layout-column fusion_builder_column fusion-builder-column-3 fusion_builder_column_1_5 1_5 fusion-one-fifth fusion-column-last\" style=\"--awb-bg-size:cover;width:16.8%;\"><div class=\"fusion-column-wrapper fusion-flex-column-wrapper-legacy\"><div class=\"fusion-clearfix\"><\/div><\/div><\/div><div class=\"fusion-layout-column fusion_builder_column fusion-builder-column-4 fusion_builder_column_1_1 1_1 fusion-one-full fusion-column-first fusion-column-last fusion-column-no-min-height\" style=\"--awb-bg-size:cover;--awb-margin-bottom:0px;\"><div class=\"fusion-column-wrapper fusion-column-has-shadow fusion-flex-column-wrapper-legacy\"><div class=\"awb-gallery-wrapper awb-gallery-wrapper-2 button-span-no\" style=\"--more-btn-alignment:center;\"><div style=\"margin:-2px;--awb-bordersize:0px;\" class=\"fusion-gallery fusion-gallery-container fusion-grid-3 fusion-columns-total-3 fusion-gallery-layout-masonry fusion-gallery-2\"><div class=\"fusion-grid-column fusion-gallery-column fusion-gallery-column-3 hover-type-zoomin fusion-grid-sizer\"><\/div><div style=\"padding:2.5px;\" class=\"fusion-grid-column fusion-gallery-column fusion-gallery-column-3 hover-type-zoomin fusion-element-grid\"><div class=\"fusion-gallery-image\"><a rel=\"noreferrer\" data-rel=\"iLightbox[gallery_image_2]\" class=\"fusion-lightbox\" target=\"_self\"><div style=\"background-image:url();padding-top:calc((100% + 4px) * 0.8 - 2.5px);background-position:;\" class=\"fusion-masonry-element-container\"><img decoding=\"async\" src=\"\" width=\"\" height=\"\" alt=\"\" title=\"\" aria-label=\"\" class=\"img-responsive wp-image-13247\"  \/><\/div><\/a><\/div><\/div><div style=\"padding:2.5px;\" class=\"fusion-grid-column fusion-gallery-column fusion-gallery-column-3 hover-type-zoomin fusion-element-grid\"><div class=\"fusion-gallery-image\"><a rel=\"noreferrer\" data-rel=\"iLightbox[gallery_image_2]\" class=\"fusion-lightbox\" target=\"_self\"><div style=\"background-image:url();padding-top:calc((100% + 4px) * 0.8 - 2.5px);background-position:;\" class=\"fusion-masonry-element-container\"><img decoding=\"async\" src=\"\" width=\"\" height=\"\" alt=\"\" title=\"\" aria-label=\"\" class=\"img-responsive wp-image-13250\"  \/><\/div><\/a><\/div><\/div><div style=\"padding:2.5px;\" class=\"fusion-grid-column fusion-gallery-column fusion-gallery-column-3 hover-type-zoomin fusion-element-grid\"><div class=\"fusion-gallery-image\"><a rel=\"noreferrer\" data-rel=\"iLightbox[gallery_image_2]\" class=\"fusion-lightbox\" target=\"_self\"><div style=\"background-image:url();padding-top:calc((100% + 4px) * 0.8 - 2.5px);background-position:;\" class=\"fusion-masonry-element-container\"><img decoding=\"async\" src=\"\" width=\"\" height=\"\" alt=\"\" title=\"\" aria-label=\"\" class=\"img-responsive wp-image-13253\"  \/><\/div><\/a><\/div><\/div><\/div><\/div><div class=\"fusion-clearfix\"><\/div><\/div><\/div><\/div><\/div><\/p>\n","protected":false},"excerpt":{"rendered":"","protected":false},"author":1,"featured_media":0,"parent":12268,"menu_order":0,"comment_status":"closed","ping_status":"closed","template":"100-width.php","meta":[],"yoast_head":"<!-- This site is optimized with the Yoast SEO plugin v20.5 - https:\/\/yoast.com\/wordpress\/plugins\/seo\/ -->\n<title>Kunststoffspritzguss<\/title>\n<meta name=\"description\" content=\"Kunststoffverarbeitung mit INR SA. Wir schlagen Ihnen vor, Ihre Form durch Kunststoffspritzen nach Plan herzustellen, der vor der Produktion zur Verf\u00fcgung gestellt (und validiert) oder gemeinsam von unserem Konstruktionsb\u00fcro festgelegt wird.\" \/>\n<meta name=\"robots\" content=\"index, follow, max-snippet:-1, max-image-preview:large, max-video-preview:-1\" \/>\n<link rel=\"canonical\" href=\"https:\/\/inr-sa.ch\/de\/produkte\/rim-spritzgiesform\/\" \/>\n<meta property=\"og:locale\" content=\"de_DE\" \/>\n<meta property=\"og:type\" content=\"article\" \/>\n<meta property=\"og:title\" content=\"Kunststoffspritzguss\" \/>\n<meta property=\"og:description\" content=\"Kunststoffverarbeitung mit INR SA. Wir schlagen Ihnen vor, Ihre Form durch Kunststoffspritzen nach Plan herzustellen, der vor der Produktion zur Verf\u00fcgung gestellt (und validiert) oder gemeinsam von unserem Konstruktionsb\u00fcro festgelegt wird.\" \/>\n<meta property=\"og:url\" content=\"https:\/\/inr-sa.ch\/de\/produkte\/rim-spritzgiesform\/\" \/>\n<meta property=\"og:site_name\" content=\"INR SA - Plastics and Composites Solutions\" \/>\n<meta property=\"article:modified_time\" content=\"2022-12-01T15:56:40+00:00\" \/>\n<meta name=\"twitter:card\" content=\"summary_large_image\" \/>\n<meta name=\"twitter:label1\" content=\"Gesch\u00e4tzte Lesezeit\" \/>\n\t<meta name=\"twitter:data1\" content=\"6\u00a0Minuten\" \/>\n<script type=\"application\/ld+json\" class=\"yoast-schema-graph\">{\"@context\":\"https:\/\/schema.org\",\"@graph\":[{\"@type\":\"WebPage\",\"@id\":\"https:\/\/inr-sa.ch\/de\/produkte\/rim-spritzgiesform\/\",\"url\":\"https:\/\/inr-sa.ch\/de\/produkte\/rim-spritzgiesform\/\",\"name\":\"Kunststoffspritzguss\",\"isPartOf\":{\"@id\":\"https:\/\/inr-sa.ch\/#website\"},\"datePublished\":\"2019-10-03T09:47:19+00:00\",\"dateModified\":\"2022-12-01T15:56:40+00:00\",\"description\":\"Kunststoffverarbeitung mit INR SA. Wir schlagen Ihnen vor, Ihre Form durch Kunststoffspritzen nach Plan herzustellen, der vor der Produktion zur Verf\u00fcgung gestellt (und validiert) oder gemeinsam von unserem Konstruktionsb\u00fcro festgelegt wird.\",\"breadcrumb\":{\"@id\":\"https:\/\/inr-sa.ch\/de\/produkte\/rim-spritzgiesform\/#breadcrumb\"},\"inLanguage\":\"de\",\"potentialAction\":[{\"@type\":\"ReadAction\",\"target\":[\"https:\/\/inr-sa.ch\/de\/produkte\/rim-spritzgiesform\/\"]}]},{\"@type\":\"BreadcrumbList\",\"@id\":\"https:\/\/inr-sa.ch\/de\/produkte\/rim-spritzgiesform\/#breadcrumb\",\"itemListElement\":[{\"@type\":\"ListItem\",\"position\":1,\"name\":\"Accueil\",\"item\":\"https:\/\/inr-sa.ch\/de\/\"},{\"@type\":\"ListItem\",\"position\":2,\"name\":\"Produits DE\",\"item\":\"https:\/\/inr-sa.ch\/de\/produkte\/\"},{\"@type\":\"ListItem\",\"position\":3,\"name\":\"RIM-Spritzgie\u00dfform\"}]},{\"@type\":\"WebSite\",\"@id\":\"https:\/\/inr-sa.ch\/#website\",\"url\":\"https:\/\/inr-sa.ch\/\",\"name\":\"INR SA - Plastics and Composites Solutions\",\"description\":\"\",\"potentialAction\":[{\"@type\":\"SearchAction\",\"target\":{\"@type\":\"EntryPoint\",\"urlTemplate\":\"https:\/\/inr-sa.ch\/?s={search_term_string}\"},\"query-input\":\"required name=search_term_string\"}],\"inLanguage\":\"de\"}]}<\/script>\n<!-- \/ Yoast SEO plugin. -->","yoast_head_json":{"title":"Kunststoffspritzguss","description":"Kunststoffverarbeitung mit INR SA. Wir schlagen Ihnen vor, Ihre Form durch Kunststoffspritzen nach Plan herzustellen, der vor der Produktion zur Verf\u00fcgung gestellt (und validiert) oder gemeinsam von unserem Konstruktionsb\u00fcro festgelegt wird.","robots":{"index":"index","follow":"follow","max-snippet":"max-snippet:-1","max-image-preview":"max-image-preview:large","max-video-preview":"max-video-preview:-1"},"canonical":"https:\/\/inr-sa.ch\/de\/produkte\/rim-spritzgiesform\/","og_locale":"de_DE","og_type":"article","og_title":"Kunststoffspritzguss","og_description":"Kunststoffverarbeitung mit INR SA. Wir schlagen Ihnen vor, Ihre Form durch Kunststoffspritzen nach Plan herzustellen, der vor der Produktion zur Verf\u00fcgung gestellt (und validiert) oder gemeinsam von unserem Konstruktionsb\u00fcro festgelegt wird.","og_url":"https:\/\/inr-sa.ch\/de\/produkte\/rim-spritzgiesform\/","og_site_name":"INR SA - Plastics and Composites Solutions","article_modified_time":"2022-12-01T15:56:40+00:00","twitter_card":"summary_large_image","twitter_misc":{"Gesch\u00e4tzte Lesezeit":"6\u00a0Minuten"},"schema":{"@context":"https:\/\/schema.org","@graph":[{"@type":"WebPage","@id":"https:\/\/inr-sa.ch\/de\/produkte\/rim-spritzgiesform\/","url":"https:\/\/inr-sa.ch\/de\/produkte\/rim-spritzgiesform\/","name":"Kunststoffspritzguss","isPartOf":{"@id":"https:\/\/inr-sa.ch\/#website"},"datePublished":"2019-10-03T09:47:19+00:00","dateModified":"2022-12-01T15:56:40+00:00","description":"Kunststoffverarbeitung mit INR SA. Wir schlagen Ihnen vor, Ihre Form durch Kunststoffspritzen nach Plan herzustellen, der vor der Produktion zur Verf\u00fcgung gestellt (und validiert) oder gemeinsam von unserem Konstruktionsb\u00fcro festgelegt wird.","breadcrumb":{"@id":"https:\/\/inr-sa.ch\/de\/produkte\/rim-spritzgiesform\/#breadcrumb"},"inLanguage":"de","potentialAction":[{"@type":"ReadAction","target":["https:\/\/inr-sa.ch\/de\/produkte\/rim-spritzgiesform\/"]}]},{"@type":"BreadcrumbList","@id":"https:\/\/inr-sa.ch\/de\/produkte\/rim-spritzgiesform\/#breadcrumb","itemListElement":[{"@type":"ListItem","position":1,"name":"Accueil","item":"https:\/\/inr-sa.ch\/de\/"},{"@type":"ListItem","position":2,"name":"Produits DE","item":"https:\/\/inr-sa.ch\/de\/produkte\/"},{"@type":"ListItem","position":3,"name":"RIM-Spritzgie\u00dfform"}]},{"@type":"WebSite","@id":"https:\/\/inr-sa.ch\/#website","url":"https:\/\/inr-sa.ch\/","name":"INR SA - Plastics and Composites Solutions","description":"","potentialAction":[{"@type":"SearchAction","target":{"@type":"EntryPoint","urlTemplate":"https:\/\/inr-sa.ch\/?s={search_term_string}"},"query-input":"required name=search_term_string"}],"inLanguage":"de"}]}},"_links":{"self":[{"href":"https:\/\/inr-sa.ch\/de\/wp-json\/wp\/v2\/pages\/12921"}],"collection":[{"href":"https:\/\/inr-sa.ch\/de\/wp-json\/wp\/v2\/pages"}],"about":[{"href":"https:\/\/inr-sa.ch\/de\/wp-json\/wp\/v2\/types\/page"}],"author":[{"embeddable":true,"href":"https:\/\/inr-sa.ch\/de\/wp-json\/wp\/v2\/users\/1"}],"replies":[{"embeddable":true,"href":"https:\/\/inr-sa.ch\/de\/wp-json\/wp\/v2\/comments?post=12921"}],"version-history":[{"count":2,"href":"https:\/\/inr-sa.ch\/de\/wp-json\/wp\/v2\/pages\/12921\/revisions"}],"predecessor-version":[{"id":13282,"href":"https:\/\/inr-sa.ch\/de\/wp-json\/wp\/v2\/pages\/12921\/revisions\/13282"}],"up":[{"embeddable":true,"href":"https:\/\/inr-sa.ch\/de\/wp-json\/wp\/v2\/pages\/12268"}],"wp:attachment":[{"href":"https:\/\/inr-sa.ch\/de\/wp-json\/wp\/v2\/media?parent=12921"}],"curies":[{"name":"wp","href":"https:\/\/api.w.org\/{rel}","templated":true}]}}