{"id":12903,"date":"2019-10-01T16:15:20","date_gmt":"2019-10-01T15:15:20","guid":{"rendered":"https:\/\/inr-sa.ch\/vakuumgiessen\/"},"modified":"2022-12-01T16:53:51","modified_gmt":"2022-12-01T15:53:51","slug":"vakuumgiessen","status":"publish","type":"page","link":"https:\/\/inr-sa.ch\/de\/vakuumgiessen\/","title":{"rendered":"Vakuumgiessen"},"content":{"rendered":"<p><div id=\"spritzguss\" class=\"fusion-container-anchor\"><div class=\"fusion-fullwidth fullwidth-box fusion-builder-row-1 nonhundred-percent-fullwidth non-hundred-percent-height-scrolling\" style=\"--awb-background-position:left top;--awb-border-sizes-top:0px;--awb-border-sizes-bottom:0px;--awb-border-sizes-left:0px;--awb-border-sizes-right:0px;--awb-border-radius-top-left:0px;--awb-border-radius-top-right:0px;--awb-border-radius-bottom-right:0px;--awb-border-radius-bottom-left:0px;--awb-padding-top:0px;--awb-padding-right:0px;--awb-padding-bottom:0px;--awb-padding-left:0px;\" ><div class=\"fusion-builder-row fusion-row\"><div class=\"fusion-layout-column fusion_builder_column fusion-builder-column-0 fusion_builder_column_1_1 1_1 fusion-one-full fusion-column-first fusion-column-last fusion-column-no-min-height\" style=\"--awb-bg-size:cover;--awb-margin-bottom:0px;\"><div class=\"fusion-column-wrapper fusion-flex-column-wrapper-legacy\"><div class=\"fusion-text fusion-text-1\"><h1 class=\"orange\" style=\"text-align: center;\">Vakuumgiessen<\/h1>\n<\/div><div class=\"fusion-sep-clear\"><\/div><div class=\"fusion-separator fusion-has-icon fusion-full-width-sep\" style=\"margin-left: auto;margin-right: auto;margin-top:20px;margin-bottom:0px;width:100%;\"><div class=\"fusion-separator-border sep-single sep-solid\" style=\"--awb-height:20px;--awb-amount:20px;--awb-sep-color:#f16e09;border-color:#f16e09;border-top-width:2px;\"><\/div><span class=\"icon-wrapper\" style=\"border-color:#f16e09;background-color:#ffffff;font-size:14px;width: 1.75em; height: 1.75em;border-width:2px;padding:2px;margin-top:-1px\"><i class=\" fa fa-angle-down\" style=\"font-size: inherit;color:#f16e09;\" aria-hidden=\"true\"><\/i><\/span><div class=\"fusion-separator-border sep-single sep-solid\" style=\"--awb-height:20px;--awb-amount:20px;--awb-sep-color:#f16e09;border-color:#f16e09;border-top-width:2px;\"><\/div><\/div><div class=\"fusion-sep-clear\"><\/div><div class=\"fusion-clearfix\"><\/div><\/div><\/div><\/div><\/div><\/div><div class=\"fusion-fullwidth fullwidth-box fusion-builder-row-2 nonhundred-percent-fullwidth non-hundred-percent-height-scrolling\" style=\"--awb-background-position:left top;--awb-border-sizes-top:0px;--awb-border-sizes-bottom:0px;--awb-border-sizes-left:0px;--awb-border-sizes-right:0px;--awb-border-radius-top-left:0px;--awb-border-radius-top-right:0px;--awb-border-radius-bottom-right:0px;--awb-border-radius-bottom-left:0px;--awb-padding-top:20px;--awb-padding-right:0px;--awb-padding-bottom:20px;--awb-padding-left:0px;--awb-background-color:#f2f2f2;\" ><div class=\"fusion-builder-row fusion-row\"><div class=\"fusion-layout-column fusion_builder_column fusion-builder-column-1 fusion_builder_column_1_2 1_2 fusion-one-half fusion-column-first\" style=\"--awb-bg-size:cover;width:48%; margin-right: 4%;\"><div class=\"fusion-column-wrapper fusion-flex-column-wrapper-legacy\"><div class=\"fusion-text fusion-text-2\"><p>Die Vakuumgusstechnik erm\u00f6glicht es, Teile ab 0,5 cm3 f\u00fcr kleine und mittlere Serien herzustellen.<\/p>\n<p>Diese Technologie erm\u00f6glicht den Einsatz von PUR-Harzen, Elastomeren oder Silikonen.<\/p>\n<p>Die H\u00e4rte beginnt bei 30 Shore D.<\/p>\n<p>Dieses Verfahren erm\u00f6glicht es, Teile mit gr\u00f6\u00dferen und auch variablen Dicken herzustellen.<\/p>\n<p>INR kann elektronische Bauteile in die Form f\u00fcr das Giessen des Bauteils einlegen und so dem Produkt &#8222;Intelligenz&#8220; verleihen.<\/p>\n<p>F\u00fcr die <a href=\"https:\/\/inr-sa.ch\/de\/thermoplastspritzen\/\">Thermoplastinjektion <\/a> haben wir ein spezielles Kunststoffinjektionsverfahren.<\/p>\n<\/div><div class=\"fusion-clearfix\"><\/div><\/div><\/div><div class=\"fusion-layout-column fusion_builder_column fusion-builder-column-2 fusion_builder_column_1_2 1_2 fusion-one-half fusion-column-last\" style=\"--awb-bg-size:cover;width:48%;\"><div class=\"fusion-column-wrapper fusion-flex-column-wrapper-legacy\"><div class=\"fusion-text fusion-text-3\"><h3>&#8211; <strong>Die Vorteile<\/strong> &#8211;<\/h3>\n<\/div><ul style=\"--awb-iconcolor:#f16e09;--awb-line-height:23.8px;--awb-icon-width:23.8px;--awb-icon-height:23.8px;--awb-icon-margin:9.8px;--awb-content-margin:33.6px;\" class=\"fusion-checklist fusion-checklist-1 fusion-checklist-default type-icons\"><li class=\"fusion-li-item\" style=\"\"><span class=\"icon-wrapper circle-no\"><i class=\"fusion-li-icon fa-wrench fas\" aria-hidden=\"true\"><\/i><\/span><div class=\"fusion-li-item-content\">\n<p><strong>Technische Teile<\/strong><br \/>\nMit unterschiedlichen Dicken<\/p>\n<\/div><\/li><li class=\"fusion-li-item\" style=\"\"><span class=\"icon-wrapper circle-no\"><i class=\"fusion-li-icon fa-euro-sign fas\" aria-hidden=\"true\"><\/i><\/span><div class=\"fusion-li-item-content\">\n<p><strong>Niedrige Werkzeugkosten<\/strong><\/p>\n<\/div><\/li><li class=\"fusion-li-item\" style=\"\"><span class=\"icon-wrapper circle-no\"><i class=\"fusion-li-icon fa-shipping-fast fas\" aria-hidden=\"true\"><\/i><\/span><div class=\"fusion-li-item-content\">\n<p><strong>Kurze Durchlaufzeiten<\/strong><\/p>\n<\/div><\/li><li class=\"fusion-li-item\" style=\"\"><span class=\"icon-wrapper circle-no\"><i class=\"fusion-li-icon fa-gavel fas\" aria-hidden=\"true\"><\/i><\/span><div class=\"fusion-li-item-content\">\n<p><strong>Verschiedene H\u00e4rten erh\u00e4ltlich<br \/>\n<\/strong>(Herstellung von flexiblen Teilen)<\/p>\n<\/div><\/li><\/ul><div class=\"fusion-clearfix\"><\/div><\/div><\/div><div class=\"fusion-layout-column fusion_builder_column fusion-builder-column-3 fusion_builder_column_1_1 1_1 fusion-one-full fusion-column-first fusion-column-last fusion-column-no-min-height\" style=\"--awb-bg-size:cover;--awb-margin-bottom:0px;\"><div class=\"fusion-column-wrapper fusion-flex-column-wrapper-legacy\"><div class=\"fusion-text fusion-text-4\"><h3 style=\"text-align: center;\">&#8211; BEISPIELE F\u00dcR TEILE\u00a0&#8211;<\/h3>\n<\/div><div class=\"fusion-clearfix\"><\/div><\/div><\/div><div class=\"fusion-layout-column fusion_builder_column fusion-builder-column-4 fusion_builder_column_1_1 1_1 fusion-one-full fusion-column-first fusion-column-last fusion-column-no-min-height\" style=\"--awb-bg-size:cover;--awb-margin-bottom:0px;\"><div class=\"fusion-column-wrapper fusion-flex-column-wrapper-legacy\"><div class=\"awb-gallery-wrapper awb-gallery-wrapper-1 button-span-no\" style=\"--more-btn-alignment:center;\"><div style=\"margin:-2px;--awb-bordersize:0px;\" class=\"fusion-gallery fusion-gallery-container fusion-grid-3 fusion-columns-total-3 fusion-gallery-layout-masonry fusion-gallery-1\"><div class=\"fusion-grid-column fusion-gallery-column fusion-gallery-column-3 hover-type-zoomin fusion-grid-sizer\"><\/div><div style=\"padding:2.5px;\" class=\"fusion-grid-column fusion-gallery-column fusion-gallery-column-3 hover-type-zoomin fusion-element-grid\"><div class=\"fusion-gallery-image\"><a rel=\"noreferrer\" data-rel=\"iLightbox[gallery_image_1]\" class=\"fusion-lightbox\" target=\"_self\"><div style=\"background-image:url();padding-top:calc((100% + 4px) * 0.8 - 2.5px);background-position:;\" class=\"fusion-masonry-element-container\"><img decoding=\"async\" src=\"\" width=\"\" height=\"\" alt=\"\" title=\"\" aria-label=\"\" class=\"img-responsive wp-image-13208 fusion-gallery-image-size-fixed\"  \/><\/div><\/a><\/div><\/div><div style=\"padding:2.5px;\" class=\"fusion-grid-column fusion-gallery-column fusion-gallery-column-3 hover-type-zoomin fusion-element-grid\"><div class=\"fusion-gallery-image\"><a rel=\"noreferrer\" data-rel=\"iLightbox[gallery_image_1]\" class=\"fusion-lightbox\" target=\"_self\"><div style=\"background-image:url();padding-top:calc((100% + 4px) * 0.8 - 2.5px);background-position:;\" class=\"fusion-masonry-element-container\"><img decoding=\"async\" src=\"\" width=\"\" height=\"\" alt=\"\" title=\"\" aria-label=\"\" class=\"img-responsive wp-image-13235 fusion-gallery-image-size-fixed\"  \/><\/div><\/a><\/div><\/div><div style=\"padding:2.5px;\" class=\"fusion-grid-column fusion-gallery-column fusion-gallery-column-3 hover-type-zoomin fusion-element-grid\"><div class=\"fusion-gallery-image\"><a rel=\"noreferrer\" data-rel=\"iLightbox[gallery_image_1]\" class=\"fusion-lightbox\" target=\"_self\"><div style=\"background-image:url();padding-top:calc((100% + 4px) * 0.8 - 2.5px);background-position:;\" class=\"fusion-masonry-element-container\"><img decoding=\"async\" src=\"\" width=\"\" height=\"\" alt=\"\" title=\"\" aria-label=\"\" class=\"img-responsive wp-image-13241 fusion-gallery-image-size-fixed\"  \/><\/div><\/a><\/div><\/div><\/div><\/div><div class=\"fusion-clearfix\"><\/div><\/div><\/div><\/div><\/div><div class=\"fusion-fullwidth fullwidth-box fusion-builder-row-3 nonhundred-percent-fullwidth non-hundred-percent-height-scrolling\" style=\"--awb-background-position:left top;--awb-border-sizes-top:0px;--awb-border-sizes-bottom:0px;--awb-border-sizes-left:0px;--awb-border-sizes-right:0px;--awb-border-radius-top-left:0px;--awb-border-radius-top-right:0px;--awb-border-radius-bottom-right:0px;--awb-border-radius-bottom-left:0px;--awb-padding-top:0px;--awb-padding-right:0px;--awb-padding-bottom:0px;--awb-padding-left:0px;--awb-background-color:#f16e09;\" ><div class=\"fusion-builder-row fusion-row\"><div class=\"fusion-layout-column fusion_builder_column fusion-builder-column-5 fusion_builder_column_1_1 1_1 fusion-one-full fusion-column-first fusion-column-last\" style=\"--awb-bg-size:cover;\"><div class=\"fusion-column-wrapper fusion-flex-column-wrapper-legacy\"><div class=\"fusion-text fusion-text-5\"><h3 class=\"dark\">Mehr Information &#8211;<\/h3>\n<p class=\"dark\">Ben\u00f6tigen Sie weitere Informationen? Unsere Berater stehen Ihnen f\u00fcr Ihre Fragen zur Verf\u00fcgung.<\/p>\n<\/div><div class=\"fusion-clearfix\"><\/div><\/div><\/div><div class=\"fusion-layout-column fusion_builder_column fusion-builder-column-6 fusion_builder_column_1_3 1_3 fusion-one-third fusion-column-first\" style=\"--awb-padding-top:1px;--awb-padding-right:20px;--awb-padding-bottom:20px;--awb-padding-left:20px;--awb-bg-color:#f16e09;--awb-bg-color-hover:#f16e09;--awb-bg-size:cover;width:30.6666%; margin-right: 4%;\"><div class=\"fusion-column-wrapper fusion-flex-column-wrapper-legacy\"><div class=\"fusion-button-wrapper\"><a class=\"fusion-button button-flat button-large button-custom fusion-button-default button-1 fusion-button-default-span \" style=\"--button_accent_color:#2a4e78;--button_border_color:#2a4e78;--button_accent_hover_color:#2a4e78;--button_border_hover_color:#2a4e78;--button_border_width-top:0px;--button_border_width-right:0px;--button_border_width-bottom:0px;--button_border_width-left:0px;--button_gradient_top_color:#dadada;--button_gradient_bottom_color:#dadada;--button_gradient_top_color_hover:#e5e5e5;--button_gradient_bottom_color_hover:#e5e5e5;\" target=\"_self\" href=\"https:\/\/inr-sa.ch\/de\/demander-un-devis-de\/\"><i class=\" fa fa-file-text-o button-icon-left\" aria-hidden=\"true\"><\/i><span class=\"fusion-button-text\">ANGEBOT ANFORDERN<\/span><\/a><\/div><div class=\"fusion-clearfix\"><\/div><\/div><\/div><div class=\"fusion-layout-column fusion_builder_column fusion-builder-column-7 fusion_builder_column_1_3 1_3 fusion-one-third\" style=\"--awb-bg-size:cover;width:30.6666%; margin-right: 4%;\"><div class=\"fusion-column-wrapper fusion-flex-column-wrapper-legacy\"><div class=\"fusion-button-wrapper\"><a class=\"fusion-button button-flat button-large button-custom fusion-button-default button-2 fusion-button-default-span \" style=\"--button_accent_color:#2a4e78;--button_border_color:#2a4e78;--button_accent_hover_color:#2a4e78;--button_border_hover_color:#2a4e78;--button_border_width-top:0px;--button_border_width-right:0px;--button_border_width-bottom:0px;--button_border_width-left:0px;--button_gradient_top_color:#dadada;--button_gradient_bottom_color:#dadada;--button_gradient_top_color_hover:#e5e5e5;--button_gradient_bottom_color_hover:#e5e5e5;\" target=\"_self\" href=\"https:\/\/inr-sa.ch\/de\/contacter-un-conseiller-de\/\"><i class=\" fa fa-envelope button-icon-left\" aria-hidden=\"true\"><\/i><span class=\"fusion-button-text\">EINEN BERATER KONTAKTIEREN<\/span><\/a><\/div><div class=\"fusion-clearfix\"><\/div><\/div><\/div><div class=\"fusion-layout-column fusion_builder_column fusion-builder-column-8 fusion_builder_column_1_3 1_3 fusion-one-third fusion-column-last\" style=\"--awb-bg-size:cover;width:30.6666%;\"><div class=\"fusion-column-wrapper fusion-flex-column-wrapper-legacy\"><div class=\"fusion-button-wrapper\"><a class=\"fusion-button button-flat button-large button-custom fusion-button-default button-3 fusion-button-default-span \" style=\"--button_accent_color:#ffffff;--button_border_color:#ffffff;--button_accent_hover_color:#ffffff;--button_border_hover_color:#ffffff;--button_border_width-top:0px;--button_border_width-right:0px;--button_border_width-bottom:0px;--button_border_width-left:0px;--button_gradient_top_color:#2a4e78;--button_gradient_bottom_color:#2a4e78;--button_gradient_top_color_hover:#213e5f;--button_gradient_bottom_color_hover:#213e5f;\" target=\"_self\" href=\"https:\/\/inr-sa.ch\/de\/etre-rappele-gratuitement-de\/\"><i class=\" fa fa-phone button-icon-left\" aria-hidden=\"true\"><\/i><span class=\"fusion-button-text\">KOSTENLOS ANGERUFEN WERDEN<\/span><\/a><\/div><div class=\"fusion-clearfix\"><\/div><\/div><\/div><\/div><\/div><\/p>\n","protected":false},"excerpt":{"rendered":"","protected":false},"author":1,"featured_media":0,"parent":0,"menu_order":0,"comment_status":"closed","ping_status":"closed","template":"100-width.php","meta":[],"yoast_head":"<!-- This site is optimized with the Yoast SEO plugin v20.5 - https:\/\/yoast.com\/wordpress\/plugins\/seo\/ -->\n<title>Vakuumformen - Vakuumgie\u00dfen - Vakuumgie\u00dfen - Elastomerformen<\/title>\n<meta name=\"description\" content=\"Vakuumformen bei INR SA. Auf dieser Seite finden Sie unsere Beispiele f\u00fcr Teile aus dem Vakuumguss sowie das Prinzip, mit dem wir diese einwandfreie Qualit\u00e4t erreichen k\u00f6nnen.\" \/>\n<meta name=\"robots\" content=\"index, follow, max-snippet:-1, max-image-preview:large, max-video-preview:-1\" \/>\n<link rel=\"canonical\" href=\"https:\/\/inr-sa.ch\/technologies\/injection-rim\/sous-vide\/\" \/>\n<meta property=\"og:locale\" content=\"de_DE\" \/>\n<meta property=\"og:type\" content=\"article\" \/>\n<meta property=\"og:title\" content=\"Vakuumformen - Vakuumgie\u00dfen - Vakuumgie\u00dfen - Elastomerformen\" \/>\n<meta property=\"og:description\" content=\"Vakuumformen bei INR SA. Auf dieser Seite finden Sie unsere Beispiele f\u00fcr Teile aus dem Vakuumguss sowie das Prinzip, mit dem wir diese einwandfreie Qualit\u00e4t erreichen k\u00f6nnen.\" \/>\n<meta property=\"og:url\" content=\"https:\/\/inr-sa.ch\/technologies\/injection-rim\/sous-vide\/\" \/>\n<meta property=\"og:site_name\" content=\"INR SA - Plastics and Composites Solutions\" \/>\n<meta property=\"article:modified_time\" content=\"2022-12-01T15:53:51+00:00\" \/>\n<meta name=\"twitter:card\" content=\"summary_large_image\" \/>\n<meta name=\"twitter:label1\" content=\"Gesch\u00e4tzte Lesezeit\" \/>\n\t<meta name=\"twitter:data1\" content=\"10\u00a0Minuten\" \/>\n<script type=\"application\/ld+json\" class=\"yoast-schema-graph\">{\"@context\":\"https:\/\/schema.org\",\"@graph\":[{\"@type\":\"WebPage\",\"@id\":\"https:\/\/inr-sa.ch\/technologies\/injection-rim\/sous-vide\/\",\"url\":\"https:\/\/inr-sa.ch\/technologies\/injection-rim\/sous-vide\/\",\"name\":\"Vakuumformen - Vakuumgie\u00dfen - Vakuumgie\u00dfen - Elastomerformen\",\"isPartOf\":{\"@id\":\"https:\/\/inr-sa.ch\/#website\"},\"datePublished\":\"2019-10-01T15:15:20+00:00\",\"dateModified\":\"2022-12-01T15:53:51+00:00\",\"description\":\"Vakuumformen bei INR SA. Auf dieser Seite finden Sie unsere Beispiele f\u00fcr Teile aus dem Vakuumguss sowie das Prinzip, mit dem wir diese einwandfreie Qualit\u00e4t erreichen k\u00f6nnen.\",\"breadcrumb\":{\"@id\":\"https:\/\/inr-sa.ch\/technologies\/injection-rim\/sous-vide\/#breadcrumb\"},\"inLanguage\":\"de\",\"potentialAction\":[{\"@type\":\"ReadAction\",\"target\":[\"https:\/\/inr-sa.ch\/technologies\/injection-rim\/sous-vide\/\"]}]},{\"@type\":\"BreadcrumbList\",\"@id\":\"https:\/\/inr-sa.ch\/technologies\/injection-rim\/sous-vide\/#breadcrumb\",\"itemListElement\":[{\"@type\":\"ListItem\",\"position\":1,\"name\":\"Accueil\",\"item\":\"https:\/\/inr-sa.ch\/de\/\"},{\"@type\":\"ListItem\",\"position\":2,\"name\":\"Vakuumgiessen\"}]},{\"@type\":\"WebSite\",\"@id\":\"https:\/\/inr-sa.ch\/#website\",\"url\":\"https:\/\/inr-sa.ch\/\",\"name\":\"INR SA - Plastics and Composites Solutions\",\"description\":\"\",\"potentialAction\":[{\"@type\":\"SearchAction\",\"target\":{\"@type\":\"EntryPoint\",\"urlTemplate\":\"https:\/\/inr-sa.ch\/?s={search_term_string}\"},\"query-input\":\"required name=search_term_string\"}],\"inLanguage\":\"de\"}]}<\/script>\n<!-- \/ Yoast SEO plugin. -->","yoast_head_json":{"title":"Vakuumformen - Vakuumgie\u00dfen - Vakuumgie\u00dfen - Elastomerformen","description":"Vakuumformen bei INR SA. Auf dieser Seite finden Sie unsere Beispiele f\u00fcr Teile aus dem Vakuumguss sowie das Prinzip, mit dem wir diese einwandfreie Qualit\u00e4t erreichen k\u00f6nnen.","robots":{"index":"index","follow":"follow","max-snippet":"max-snippet:-1","max-image-preview":"max-image-preview:large","max-video-preview":"max-video-preview:-1"},"canonical":"https:\/\/inr-sa.ch\/technologies\/injection-rim\/sous-vide\/","og_locale":"de_DE","og_type":"article","og_title":"Vakuumformen - Vakuumgie\u00dfen - Vakuumgie\u00dfen - Elastomerformen","og_description":"Vakuumformen bei INR SA. Auf dieser Seite finden Sie unsere Beispiele f\u00fcr Teile aus dem Vakuumguss sowie das Prinzip, mit dem wir diese einwandfreie Qualit\u00e4t erreichen k\u00f6nnen.","og_url":"https:\/\/inr-sa.ch\/technologies\/injection-rim\/sous-vide\/","og_site_name":"INR SA - Plastics and Composites Solutions","article_modified_time":"2022-12-01T15:53:51+00:00","twitter_card":"summary_large_image","twitter_misc":{"Gesch\u00e4tzte Lesezeit":"10\u00a0Minuten"},"schema":{"@context":"https:\/\/schema.org","@graph":[{"@type":"WebPage","@id":"https:\/\/inr-sa.ch\/technologies\/injection-rim\/sous-vide\/","url":"https:\/\/inr-sa.ch\/technologies\/injection-rim\/sous-vide\/","name":"Vakuumformen - Vakuumgie\u00dfen - Vakuumgie\u00dfen - Elastomerformen","isPartOf":{"@id":"https:\/\/inr-sa.ch\/#website"},"datePublished":"2019-10-01T15:15:20+00:00","dateModified":"2022-12-01T15:53:51+00:00","description":"Vakuumformen bei INR SA. Auf dieser Seite finden Sie unsere Beispiele f\u00fcr Teile aus dem Vakuumguss sowie das Prinzip, mit dem wir diese einwandfreie Qualit\u00e4t erreichen k\u00f6nnen.","breadcrumb":{"@id":"https:\/\/inr-sa.ch\/technologies\/injection-rim\/sous-vide\/#breadcrumb"},"inLanguage":"de","potentialAction":[{"@type":"ReadAction","target":["https:\/\/inr-sa.ch\/technologies\/injection-rim\/sous-vide\/"]}]},{"@type":"BreadcrumbList","@id":"https:\/\/inr-sa.ch\/technologies\/injection-rim\/sous-vide\/#breadcrumb","itemListElement":[{"@type":"ListItem","position":1,"name":"Accueil","item":"https:\/\/inr-sa.ch\/de\/"},{"@type":"ListItem","position":2,"name":"Vakuumgiessen"}]},{"@type":"WebSite","@id":"https:\/\/inr-sa.ch\/#website","url":"https:\/\/inr-sa.ch\/","name":"INR SA - Plastics and Composites Solutions","description":"","potentialAction":[{"@type":"SearchAction","target":{"@type":"EntryPoint","urlTemplate":"https:\/\/inr-sa.ch\/?s={search_term_string}"},"query-input":"required name=search_term_string"}],"inLanguage":"de"}]}},"_links":{"self":[{"href":"https:\/\/inr-sa.ch\/de\/wp-json\/wp\/v2\/pages\/12903"}],"collection":[{"href":"https:\/\/inr-sa.ch\/de\/wp-json\/wp\/v2\/pages"}],"about":[{"href":"https:\/\/inr-sa.ch\/de\/wp-json\/wp\/v2\/types\/page"}],"author":[{"embeddable":true,"href":"https:\/\/inr-sa.ch\/de\/wp-json\/wp\/v2\/users\/1"}],"replies":[{"embeddable":true,"href":"https:\/\/inr-sa.ch\/de\/wp-json\/wp\/v2\/comments?post=12903"}],"version-history":[{"count":4,"href":"https:\/\/inr-sa.ch\/de\/wp-json\/wp\/v2\/pages\/12903\/revisions"}],"predecessor-version":[{"id":13278,"href":"https:\/\/inr-sa.ch\/de\/wp-json\/wp\/v2\/pages\/12903\/revisions\/13278"}],"wp:attachment":[{"href":"https:\/\/inr-sa.ch\/de\/wp-json\/wp\/v2\/media?parent=12903"}],"curies":[{"name":"wp","href":"https:\/\/api.w.org\/{rel}","templated":true}]}}