{"id":12273,"date":"2015-10-27T15:10:49","date_gmt":"2015-10-27T14:10:49","guid":{"rendered":"https:\/\/inr-sa.ch\/de\/?page_id=12273"},"modified":"2022-12-01T17:07:37","modified_gmt":"2022-12-01T16:07:37","slug":"firma-de","status":"publish","type":"page","link":"https:\/\/inr-sa.ch\/de\/firma-de\/","title":{"rendered":"Firma"},"content":{"rendered":"<p><div class=\"fusion-fullwidth fullwidth-box fusion-builder-row-1 hundred-percent-fullwidth non-hundred-percent-height-scrolling\" style=\"--awb-border-radius-top-left:0px;--awb-border-radius-top-right:0px;--awb-border-radius-bottom-right:0px;--awb-border-radius-bottom-left:0px;--awb-overflow:visible;--awb-padding-right:20px;--awb-padding-left:20px;\" ><div class=\"fusion-builder-row fusion-row\"><div class=\"fusion-layout-column fusion_builder_column fusion-builder-column-0 fusion_builder_column_1_5 1_5 fusion-one-fifth fusion-column-first\" style=\"--awb-bg-size:cover;width:16.8%; margin-right: 4%;\"><div class=\"fusion-column-wrapper fusion-flex-column-wrapper-legacy\"><div class=\"fusion-clearfix\"><\/div><\/div><\/div><div class=\"fusion-layout-column fusion_builder_column fusion-builder-column-1 fusion_builder_column_3_5 3_5 fusion-three-fifth\" style=\"--awb-bg-size:cover;width:58.4%; margin-right: 4%;\"><div class=\"fusion-column-wrapper fusion-flex-column-wrapper-legacy\"><div class=\"fusion-text fusion-text-1\"><h1 style=\"text-align: center;\">INR, die Firma<\/h1>\n<\/div><div class=\"fusion-sep-clear\"><\/div><div class=\"fusion-separator fusion-full-width-sep\" style=\"margin-left: auto;margin-right: auto;margin-top:40px;margin-bottom:0px;width:100%;\"><div class=\"fusion-separator-border sep-single sep-solid\" style=\"--awb-height:20px;--awb-amount:20px;--awb-sep-color:#d2d3d4;border-color:#d2d3d4;border-top-width:1px;\"><\/div><\/div><div class=\"fusion-sep-clear\"><\/div><div class=\"fusion-clearfix\"><\/div><\/div><\/div><div class=\"fusion-layout-column fusion_builder_column fusion-builder-column-2 fusion_builder_column_1_5 1_5 fusion-one-fifth fusion-column-last\" style=\"--awb-bg-size:cover;width:16.8%;\"><div class=\"fusion-column-wrapper fusion-flex-column-wrapper-legacy\"><div class=\"fusion-clearfix\"><\/div><\/div><\/div><\/div><\/div><div class=\"fusion-fullwidth fullwidth-box fusion-builder-row-2 has-pattern-background has-mask-background fusion-parallax-none hundred-percent-fullwidth non-hundred-percent-height-scrolling\" style=\"--awb-border-sizes-top:0px;--awb-border-sizes-bottom:0px;--awb-border-sizes-left:0px;--awb-border-sizes-right:0px;--awb-border-radius-top-left:0px;--awb-border-radius-top-right:0px;--awb-border-radius-bottom-right:0px;--awb-border-radius-bottom-left:0px;--awb-padding-top:15%;--awb-padding-right:0px;--awb-padding-bottom:15%;--awb-padding-left:0px;--awb-margin-bottom:60px;--awb-background-image:url(&quot;https:\/\/inr-sa.ch\/wp-content\/uploads\/2022\/12\/17_injection-polyurethane-scaled.jpg&quot;);--awb-background-size:cover;\" ><div class=\"fusion-builder-row fusion-row\"><\/div><\/div><div class=\"fusion-fullwidth fullwidth-box fusion-builder-row-3 hundred-percent-fullwidth non-hundred-percent-height-scrolling\" style=\"--awb-border-radius-top-left:0px;--awb-border-radius-top-right:0px;--awb-border-radius-bottom-right:0px;--awb-border-radius-bottom-left:0px;--awb-overflow:visible;--awb-padding-right:20px;--awb-padding-left:20px;\" ><div class=\"fusion-builder-row fusion-row\"><div class=\"fusion-layout-column fusion_builder_column fusion-builder-column-3 fusion_builder_column_1_1 1_1 fusion-one-full fusion-column-first fusion-column-last\" style=\"--awb-bg-size:cover;\"><div class=\"fusion-column-wrapper fusion-flex-column-wrapper-legacy\"><div class=\"fusion-text fusion-text-2\"><p style=\"text-align: center;\">Jedes Dossier ist anders; wir k\u00f6nnen Sie mit unserem technischen B\u00fcro bei der Entwicklung Ihres Produkts unterst\u00fctzen und so Ihr(e) Teil(e) im RIM-Spritzgussprozess optimieren.<\/p>\n<\/div><div class=\"fusion-clearfix\"><\/div><\/div><\/div><\/div><\/div><div class=\"fusion-fullwidth fullwidth-box fusion-builder-row-4 nonhundred-percent-fullwidth non-hundred-percent-height-scrolling\" style=\"--awb-background-position:left top;--awb-border-sizes-top:0px;--awb-border-sizes-bottom:0px;--awb-border-sizes-left:0px;--awb-border-sizes-right:0px;--awb-border-radius-top-left:0px;--awb-border-radius-top-right:0px;--awb-border-radius-bottom-right:0px;--awb-border-radius-bottom-left:0px;--awb-padding-top:20px;--awb-padding-right:0px;--awb-padding-bottom:20px;--awb-padding-left:0px;\" ><div class=\"fusion-builder-row fusion-row\"><div class=\"fusion-layout-column fusion_builder_column fusion-builder-column-4 fusion_builder_column_2_3 2_3 fusion-two-third fusion-column-first\" style=\"--awb-bg-size:cover;--awb-margin-top:50px;width:65.3333%; margin-right: 4%;\"><div class=\"fusion-column-wrapper fusion-flex-column-wrapper-legacy\"><div class=\"fusion-text fusion-text-3\"><h3 class=\"orange\">&#8211; Wer Sind Wir\u00a0? &#8211;<\/h3>\n<p>INR SA ist ein Unternehmen mit 15 Mitarbeitern mit Sitz in Moutier, im Berner Jura der Schweiz. Es wurde 1985 von Michel Pedrocchi gegr\u00fcndet. Es wurde 2012 von Franck Migeon und Fabrice Friant \u00fcbernommen.<\/p>\n<p>INR SA steht Unternehmen f\u00fcr alle ihre Kunststoffprojekte zur Verf\u00fcgung, vom Prototyp bis zur Serie (bis zu 1000 Teile pro Jahr), um Abdeckungen, Verkleidungen, Dichtungen, Fenster, technische Teile usw. herzustellen.<\/p>\n<p>INR schl\u00e4gt folgende Prozesse vor\u00a0:<\/p>\n<ul>\n<li>Niederdruck-Spritzguss von PUR-Harz (RIM-Injektion), eine gute Alternative zu herk\u00f6mmlichem Spritzguss und Thermoformen<\/li>\n<li>Vakuumgiessen von Elastomer- oder Silikonharzteilen (mit unterschiedlichen H\u00e4rtel\u00f6sungen)<\/li>\n<li>Thermoplastisches Einspritzen von Teilen bis zu 20 cm\u00b3 f\u00fcr kleine und mittlere Serien (von einigen Dutzend bis zu einigen tausend)<\/li>\n<li>Handlaminatverfahren (Polyester)<\/li>\n<li>\u00abKunststoff-Blechwaren\u00bb<\/li>\n<\/ul>\n<p>INR liefert auch komplette Baugruppen, die auf diesen Prozessen basieren und Blech, Mechanik, Elektronik usw. integrieren.<\/p>\n<\/div><div class=\"fusion-sep-clear\"><\/div><div class=\"fusion-separator fusion-full-width-sep\" style=\"margin-left: auto;margin-right: auto;width:100%;\"><div class=\"fusion-separator-border sep-single sep-solid\" style=\"--awb-height:20px;--awb-amount:20px;--awb-sep-color:#ffffff;border-color:#ffffff;border-top-width:30px;\"><\/div><\/div><div class=\"fusion-sep-clear\"><\/div><div class=\"fusion-clearfix\"><\/div><\/div><\/div><div class=\"fusion-layout-column fusion_builder_column fusion-builder-column-5 fusion_builder_column_1_3 1_3 fusion-one-third fusion-column-last\" style=\"--awb-padding-top:1px;--awb-padding-right:20px;--awb-padding-bottom:20px;--awb-padding-left:20px;--awb-bg-color:#f16e09;--awb-bg-color-hover:#f16e09;--awb-bg-size:cover;--awb-margin-top:50px;width:30.6666%;\"><div class=\"fusion-column-wrapper fusion-flex-column-wrapper-legacy\"><div class=\"fusion-text fusion-text-4\"><h3 class=\"dark\">Mehr Information &#8211;<\/h3>\n<p class=\"dark\">Ben\u00f6tigen Sie weitere Informationen? Unsere Berater stehen Ihnen f\u00fcr Ihre Fragen zur Verf\u00fcgung.<\/p>\n<\/div><div class=\"fusion-button-wrapper\"><a class=\"fusion-button button-flat button-medium button-custom fusion-button-default button-1 fusion-button-default-span \" style=\"--button_accent_color:#2a4e78;--button_border_color:#2a4e78;--button_accent_hover_color:#2a4e78;--button_border_hover_color:#2a4e78;--button_border_width-top:0px;--button_border_width-right:0px;--button_border_width-bottom:0px;--button_border_width-left:0px;--button_gradient_top_color:#dadada;--button_gradient_bottom_color:#dadada;--button_gradient_top_color_hover:#e5e5e5;--button_gradient_bottom_color_hover:#e5e5e5;\" target=\"_self\" href=\"https:\/\/inr-sa.ch\/de\/demander-un-devis-de\/\"><i class=\" fa fa-file-text-o button-icon-left\" aria-hidden=\"true\"><\/i><span class=\"fusion-button-text\">ANGEBOT ANFORDERN<\/span><\/a><\/div><div class=\"fusion-sep-clear\"><\/div><div class=\"fusion-separator fusion-full-width-sep\" style=\"margin-left: auto;margin-right: auto;margin-top:10px;width:100%;\"><div class=\"fusion-separator-border sep-single sep-solid\" style=\"--awb-height:20px;--awb-amount:20px;--awb-sep-color:#f16e09;border-color:#f16e09;border-top-width:10px;\"><\/div><\/div><div class=\"fusion-sep-clear\"><\/div><div class=\"fusion-button-wrapper\"><a class=\"fusion-button button-flat button-medium button-custom fusion-button-default button-2 fusion-button-default-span \" style=\"--button_accent_color:#2a4e78;--button_border_color:#2a4e78;--button_accent_hover_color:#2a4e78;--button_border_hover_color:#2a4e78;--button_border_width-top:0px;--button_border_width-right:0px;--button_border_width-bottom:0px;--button_border_width-left:0px;--button_gradient_top_color:#dadada;--button_gradient_bottom_color:#dadada;--button_gradient_top_color_hover:#e5e5e5;--button_gradient_bottom_color_hover:#e5e5e5;\" target=\"_self\" href=\"https:\/\/inr-sa.ch\/de\/contacter-un-conseiller-de\/\"><i class=\" fa fa-envelope button-icon-left\" aria-hidden=\"true\"><\/i><span class=\"fusion-button-text\">EINEN BERATER KONTAKTIEREN<\/span><\/a><\/div><div class=\"fusion-sep-clear\"><\/div><div class=\"fusion-separator fusion-full-width-sep\" style=\"margin-left: auto;margin-right: auto;margin-top:10px;width:100%;\"><div class=\"fusion-separator-border sep-single sep-solid\" style=\"--awb-height:20px;--awb-amount:20px;--awb-sep-color:#f16e09;border-color:#f16e09;border-top-width:10px;\"><\/div><\/div><div class=\"fusion-sep-clear\"><\/div><div class=\"fusion-button-wrapper\"><a class=\"fusion-button button-flat button-medium button-custom fusion-button-default button-3 fusion-button-default-span \" style=\"--button_accent_color:#ffffff;--button_border_color:#ffffff;--button_accent_hover_color:#ffffff;--button_border_hover_color:#ffffff;--button_border_width-top:0px;--button_border_width-right:0px;--button_border_width-bottom:0px;--button_border_width-left:0px;--button_gradient_top_color:#2a4e78;--button_gradient_bottom_color:#2a4e78;--button_gradient_top_color_hover:#213e5f;--button_gradient_bottom_color_hover:#213e5f;\" target=\"_self\" href=\"https:\/\/inr-sa.ch\/de\/etre-rappele-gratuitement-de\/\"><i class=\" fa fa-phone button-icon-left\" aria-hidden=\"true\"><\/i><span class=\"fusion-button-text\">KOSTENLOS ANGERUFEN WERDEN<\/span><\/a><\/div><div class=\"fusion-clearfix\"><\/div><\/div><\/div><div class=\"fusion-layout-column fusion_builder_column fusion-builder-column-6 fusion_builder_column_1_2 1_2 fusion-one-half fusion-column-first\" style=\"--awb-bg-size:cover;--awb-margin-top:50px;width:48%; margin-right: 4%;\"><div class=\"fusion-column-wrapper fusion-flex-column-wrapper-legacy\"><div class=\"fusion-text fusion-text-5\"><h3 class=\"orange\">&#8211; Unsere Kompetenzen &#8211;<\/h3>\n<\/div><ul style=\"--awb-iconcolor:#f16e09;--awb-line-height:23.8px;--awb-icon-width:23.8px;--awb-icon-height:23.8px;--awb-icon-margin:9.8px;--awb-content-margin:33.6px;\" class=\"fusion-checklist fusion-checklist-1 fusion-checklist-default type-icons\"><li class=\"fusion-li-item\" style=\"\"><span class=\"icon-wrapper circle-no\"><i class=\"fusion-li-icon fa fa-star\" aria-hidden=\"true\"><\/i><\/span><div class=\"fusion-li-item-content\">BE (CAO 3D Solid Works),<\/div><\/li><li class=\"fusion-li-item\" style=\"\"><span class=\"icon-wrapper circle-no\"><i class=\"fusion-li-icon fa fa-star\" aria-hidden=\"true\"><\/i><\/span><div class=\"fusion-li-item-content\">Niederdruck-Spritzguss von Polyurethanharz (RIM-Injektion) aus Epoxid- oder Aluminiumformen,<\/div><\/li><li class=\"fusion-li-item\" style=\"\"><span class=\"icon-wrapper circle-no\"><i class=\"fusion-li-icon fa fa-star\" aria-hidden=\"true\"><\/i><\/span><div class=\"fusion-li-item-content\">Giessen von Harz, Silikonelastomer,<\/div><\/li><li class=\"fusion-li-item\" style=\"\"><span class=\"icon-wrapper circle-no\"><i class=\"fusion-li-icon fa fa-star\" aria-hidden=\"true\"><\/i><\/span><div class=\"fusion-li-item-content\">Verkapselung von elektronischen Karten,<\/div><\/li><li class=\"fusion-li-item\" style=\"\"><span class=\"icon-wrapper circle-no\"><i class=\"fusion-li-icon fa fa-star\" aria-hidden=\"true\"><\/i><\/span><div class=\"fusion-li-item-content\">Verbundwerkstoff (Kontaktguss, RTM, Pre-Preg,&#8230;.),<\/div><\/li><li class=\"fusion-li-item\" style=\"\"><span class=\"icon-wrapper circle-no\"><i class=\"fusion-li-icon fa fa-star\" aria-hidden=\"true\"><\/i><\/span><div class=\"fusion-li-item-content\">Kunststoff-Blechbearbeitung,<\/div><\/li><li class=\"fusion-li-item\" style=\"\"><span class=\"icon-wrapper circle-no\"><i class=\"fusion-li-icon fa fa-star\" aria-hidden=\"true\"><\/i><\/span><div class=\"fusion-li-item-content\">Verformung von Polycarbonat-\/PMMA-Verglasungen<\/div><\/li><li class=\"fusion-li-item\" style=\"\"><span class=\"icon-wrapper circle-no\"><i class=\"fusion-li-icon fa fa-star\" aria-hidden=\"true\"><\/i><\/span><div class=\"fusion-li-item-content\">Industrielackierung (fl\u00fcssig oder pulverf\u00f6rmig),<\/div><\/li><li class=\"fusion-li-item\" style=\"\"><span class=\"icon-wrapper circle-no\"><i class=\"fusion-li-icon fa fa-star\" aria-hidden=\"true\"><\/i><\/span><div class=\"fusion-li-item-content\">Netzwerk von Integrationspartnern (Blechbearbeiter, Mechaniker, Elektroniker, etc.)<\/div><\/li><li class=\"fusion-li-item\" style=\"\"><span class=\"icon-wrapper circle-no\"><i class=\"fusion-li-icon fa fa-star\" aria-hidden=\"true\"><\/i><\/span><div class=\"fusion-li-item-content\">ERP.<\/div><\/li><\/ul><div class=\"fusion-clearfix\"><\/div><\/div><\/div><div class=\"fusion-layout-column fusion_builder_column fusion-builder-column-7 fusion_builder_column_1_2 1_2 fusion-one-half fusion-column-last\" style=\"--awb-bg-size:cover;--awb-margin-top:50px;width:48%;\"><div class=\"fusion-column-wrapper fusion-flex-column-wrapper-legacy\"><div class=\"fusion-text fusion-text-6\"><h3 class=\"orange\">&#8211; Unsere T\u00e4tigkeitsfelder &#8211;<\/h3>\n<p>Unsere Kunden spiegeln unsere M\u00f6glichkeiten weiter, die eine nicht ersch\u00f6pfende Liste von Bereichen umfassen. Wir k\u00f6nnen insbesondere erw\u00e4hnen:<\/p>\n<\/div><ul style=\"--awb-iconcolor:#f16e09;--awb-line-height:23.8px;--awb-icon-width:23.8px;--awb-icon-height:23.8px;--awb-icon-margin:9.8px;--awb-content-margin:33.6px;\" class=\"fusion-checklist fusion-checklist-2 fusion-checklist-default type-icons\"><li class=\"fusion-li-item\" style=\"\"><span class=\"icon-wrapper circle-no\"><i class=\"fusion-li-icon fa fa-plus-circle\" aria-hidden=\"true\"><\/i><\/span><div class=\"fusion-li-item-content\">Medizin- und Laborger\u00e4te,<\/div><\/li><li class=\"fusion-li-item\" style=\"\"><span class=\"icon-wrapper circle-no\"><i class=\"fusion-li-icon fa fa-plus-circle\" aria-hidden=\"true\"><\/i><\/span><div class=\"fusion-li-item-content\">Sondermaschinen und Werkzeugmaschinen,<\/div><\/li><li class=\"fusion-li-item\" style=\"\"><span class=\"icon-wrapper circle-no\"><i class=\"fusion-li-icon fa fa-plus-circle\" aria-hidden=\"true\"><\/i><\/span><div class=\"fusion-li-item-content\">Ticketschalter,<\/div><\/li><li class=\"fusion-li-item\" style=\"\"><span class=\"icon-wrapper circle-no\"><i class=\"fusion-li-icon fa fa-plus-circle\" aria-hidden=\"true\"><\/i><\/span><div class=\"fusion-li-item-content\">Elektronik,<\/div><\/li><li class=\"fusion-li-item\" style=\"\"><span class=\"icon-wrapper circle-no\"><i class=\"fusion-li-icon fa fa-plus-circle\" aria-hidden=\"true\"><\/i><\/span><div class=\"fusion-li-item-content\">Freizeitger\u00e4te&#8230;<\/div><\/li><li class=\"fusion-li-item\" style=\"\"><span class=\"icon-wrapper circle-no\"><i class=\"fusion-li-icon fa fa-forward\" aria-hidden=\"true\"><\/i><\/span><div class=\"fusion-li-item-content\"><strong>&#8230;. und sicherlich auch Ihr T\u00e4tigkeitsbereich.<\/strong><\/div><\/li><\/ul><div class=\"fusion-clearfix\"><\/div><\/div><\/div><\/div><\/div><div class=\"fusion-fullwidth fullwidth-box fusion-builder-row-5 nonhundred-percent-fullwidth non-hundred-percent-height-scrolling\" style=\"--awb-background-position:left top;--awb-border-sizes-top:0px;--awb-border-sizes-bottom:0px;--awb-border-sizes-left:0px;--awb-border-sizes-right:0px;--awb-border-radius-top-left:0px;--awb-border-radius-top-right:0px;--awb-border-radius-bottom-right:0px;--awb-border-radius-bottom-left:0px;--awb-padding-top:20px;--awb-padding-right:0px;--awb-padding-bottom:20px;--awb-padding-left:0px;--awb-background-color:#f2f2f2;\" ><div class=\"fusion-builder-row fusion-row\"><div class=\"fusion-layout-column fusion_builder_column fusion-builder-column-8 fusion_builder_column_1_1 1_1 fusion-one-full fusion-column-first fusion-column-last fusion-column-no-min-height\" style=\"--awb-bg-size:cover;--awb-margin-bottom:0px;\"><div class=\"fusion-column-wrapper fusion-flex-column-wrapper-legacy\"><div class=\"fusion-text fusion-text-7\"><h3 class=\"orange\">&#8211; Wo Sind Wir ? &#8211;<\/h3>\n<\/div><div class=\"fusion-clearfix\"><\/div><\/div><\/div><div class=\"fusion-layout-column fusion_builder_column fusion-builder-column-9 fusion_builder_column_1_1 1_1 fusion-one-full fusion-column-first fusion-column-last fusion-column-no-min-height\" style=\"--awb-bg-size:cover;--awb-margin-bottom:0px;\"><div class=\"fusion-column-wrapper fusion-flex-column-wrapper-legacy\"><iframe src=\"https:\/\/www.google.com\/maps\/embed?pb=!1m18!1m12!1m3!1d2707.4577812362577!2d7.357658!3d47.2663051!2m3!1f0!2f0!3f0!3m2!1i1024!2i768!4f13.1!3m3!1m2!1s0x4791e09ddb596311%3A0xbddce9b71715d68b!2sQur%20de%20la%20Verrerie%2016%2C%202740%20Moutier%2C%20Suisse!5e0!3m2!1sfr!2sfr!4v1669910819636!5m2!1sfr!2sfr\" width=\"100%\" height=\"450\" style=\"border:0;\" allowfullscreen=\"\" loading=\"lazy\" referrerpolicy=\"no-referrer-when-downgrade\"><\/iframe><div class=\"fusion-clearfix\"><\/div><\/div><\/div><\/div><\/div><\/p>\n","protected":false},"excerpt":{"rendered":"","protected":false},"author":1,"featured_media":0,"parent":0,"menu_order":0,"comment_status":"closed","ping_status":"open","template":"100-width.php","meta":[],"yoast_head":"<!-- This site is optimized with the Yoast SEO plugin v20.5 - https:\/\/yoast.com\/wordpress\/plugins\/seo\/ -->\n<title>Kundenspezifische Kunststoffverarbeitung - INR SA - Plastics and Composites Solutions<\/title>\n<meta name=\"description\" content=\"Kundenspezifisches Kunststoffformen bei INR SA. Ben\u00f6tigen Sie eine bestimmte Form? INR SA kann sich um eine ma\u00dfgeschneiderte Kunststoffform k\u00fcmmern, um so effizient wie m\u00f6glich auf Ihr Projekt zu reagieren.\" \/>\n<meta name=\"robots\" content=\"index, follow, max-snippet:-1, max-image-preview:large, max-video-preview:-1\" \/>\n<link rel=\"canonical\" href=\"https:\/\/inr-sa.ch\/de\/firma-de\/\" \/>\n<meta property=\"og:locale\" content=\"de_DE\" \/>\n<meta property=\"og:type\" content=\"article\" \/>\n<meta property=\"og:title\" content=\"Kundenspezifische Kunststoffverarbeitung - INR SA - Plastics and Composites Solutions\" \/>\n<meta property=\"og:description\" content=\"Kundenspezifisches Kunststoffformen bei INR SA. Ben\u00f6tigen Sie eine bestimmte Form? INR SA kann sich um eine ma\u00dfgeschneiderte Kunststoffform k\u00fcmmern, um so effizient wie m\u00f6glich auf Ihr Projekt zu reagieren.\" \/>\n<meta property=\"og:url\" content=\"https:\/\/inr-sa.ch\/de\/firma-de\/\" \/>\n<meta property=\"og:site_name\" content=\"INR SA - Plastics and Composites Solutions\" \/>\n<meta property=\"article:modified_time\" content=\"2022-12-01T16:07:37+00:00\" \/>\n<meta name=\"twitter:card\" content=\"summary_large_image\" \/>\n<meta name=\"twitter:label1\" content=\"Gesch\u00e4tzte Lesezeit\" \/>\n\t<meta name=\"twitter:data1\" content=\"12\u00a0Minuten\" \/>\n<script type=\"application\/ld+json\" class=\"yoast-schema-graph\">{\"@context\":\"https:\/\/schema.org\",\"@graph\":[{\"@type\":\"WebPage\",\"@id\":\"https:\/\/inr-sa.ch\/de\/firma-de\/\",\"url\":\"https:\/\/inr-sa.ch\/de\/firma-de\/\",\"name\":\"Kundenspezifische Kunststoffverarbeitung - INR SA - Plastics and Composites Solutions\",\"isPartOf\":{\"@id\":\"https:\/\/inr-sa.ch\/#website\"},\"datePublished\":\"2015-10-27T14:10:49+00:00\",\"dateModified\":\"2022-12-01T16:07:37+00:00\",\"description\":\"Kundenspezifisches Kunststoffformen bei INR SA. Ben\u00f6tigen Sie eine bestimmte Form? INR SA kann sich um eine ma\u00dfgeschneiderte Kunststoffform k\u00fcmmern, um so effizient wie m\u00f6glich auf Ihr Projekt zu reagieren.\",\"breadcrumb\":{\"@id\":\"https:\/\/inr-sa.ch\/de\/firma-de\/#breadcrumb\"},\"inLanguage\":\"de\",\"potentialAction\":[{\"@type\":\"ReadAction\",\"target\":[\"https:\/\/inr-sa.ch\/de\/firma-de\/\"]}]},{\"@type\":\"BreadcrumbList\",\"@id\":\"https:\/\/inr-sa.ch\/de\/firma-de\/#breadcrumb\",\"itemListElement\":[{\"@type\":\"ListItem\",\"position\":1,\"name\":\"Accueil\",\"item\":\"https:\/\/inr-sa.ch\/de\/\"},{\"@type\":\"ListItem\",\"position\":2,\"name\":\"Firma\"}]},{\"@type\":\"WebSite\",\"@id\":\"https:\/\/inr-sa.ch\/#website\",\"url\":\"https:\/\/inr-sa.ch\/\",\"name\":\"INR SA - Plastics and Composites Solutions\",\"description\":\"\",\"potentialAction\":[{\"@type\":\"SearchAction\",\"target\":{\"@type\":\"EntryPoint\",\"urlTemplate\":\"https:\/\/inr-sa.ch\/?s={search_term_string}\"},\"query-input\":\"required name=search_term_string\"}],\"inLanguage\":\"de\"}]}<\/script>\n<!-- \/ Yoast SEO plugin. -->","yoast_head_json":{"title":"Kundenspezifische Kunststoffverarbeitung - INR SA - Plastics and Composites Solutions","description":"Kundenspezifisches Kunststoffformen bei INR SA. Ben\u00f6tigen Sie eine bestimmte Form? INR SA kann sich um eine ma\u00dfgeschneiderte Kunststoffform k\u00fcmmern, um so effizient wie m\u00f6glich auf Ihr Projekt zu reagieren.","robots":{"index":"index","follow":"follow","max-snippet":"max-snippet:-1","max-image-preview":"max-image-preview:large","max-video-preview":"max-video-preview:-1"},"canonical":"https:\/\/inr-sa.ch\/de\/firma-de\/","og_locale":"de_DE","og_type":"article","og_title":"Kundenspezifische Kunststoffverarbeitung - INR SA - Plastics and Composites Solutions","og_description":"Kundenspezifisches Kunststoffformen bei INR SA. Ben\u00f6tigen Sie eine bestimmte Form? INR SA kann sich um eine ma\u00dfgeschneiderte Kunststoffform k\u00fcmmern, um so effizient wie m\u00f6glich auf Ihr Projekt zu reagieren.","og_url":"https:\/\/inr-sa.ch\/de\/firma-de\/","og_site_name":"INR SA - Plastics and Composites Solutions","article_modified_time":"2022-12-01T16:07:37+00:00","twitter_card":"summary_large_image","twitter_misc":{"Gesch\u00e4tzte Lesezeit":"12\u00a0Minuten"},"schema":{"@context":"https:\/\/schema.org","@graph":[{"@type":"WebPage","@id":"https:\/\/inr-sa.ch\/de\/firma-de\/","url":"https:\/\/inr-sa.ch\/de\/firma-de\/","name":"Kundenspezifische Kunststoffverarbeitung - INR SA - Plastics and Composites Solutions","isPartOf":{"@id":"https:\/\/inr-sa.ch\/#website"},"datePublished":"2015-10-27T14:10:49+00:00","dateModified":"2022-12-01T16:07:37+00:00","description":"Kundenspezifisches Kunststoffformen bei INR SA. Ben\u00f6tigen Sie eine bestimmte Form? INR SA kann sich um eine ma\u00dfgeschneiderte Kunststoffform k\u00fcmmern, um so effizient wie m\u00f6glich auf Ihr Projekt zu reagieren.","breadcrumb":{"@id":"https:\/\/inr-sa.ch\/de\/firma-de\/#breadcrumb"},"inLanguage":"de","potentialAction":[{"@type":"ReadAction","target":["https:\/\/inr-sa.ch\/de\/firma-de\/"]}]},{"@type":"BreadcrumbList","@id":"https:\/\/inr-sa.ch\/de\/firma-de\/#breadcrumb","itemListElement":[{"@type":"ListItem","position":1,"name":"Accueil","item":"https:\/\/inr-sa.ch\/de\/"},{"@type":"ListItem","position":2,"name":"Firma"}]},{"@type":"WebSite","@id":"https:\/\/inr-sa.ch\/#website","url":"https:\/\/inr-sa.ch\/","name":"INR SA - Plastics and Composites Solutions","description":"","potentialAction":[{"@type":"SearchAction","target":{"@type":"EntryPoint","urlTemplate":"https:\/\/inr-sa.ch\/?s={search_term_string}"},"query-input":"required name=search_term_string"}],"inLanguage":"de"}]}},"_links":{"self":[{"href":"https:\/\/inr-sa.ch\/de\/wp-json\/wp\/v2\/pages\/12273"}],"collection":[{"href":"https:\/\/inr-sa.ch\/de\/wp-json\/wp\/v2\/pages"}],"about":[{"href":"https:\/\/inr-sa.ch\/de\/wp-json\/wp\/v2\/types\/page"}],"author":[{"embeddable":true,"href":"https:\/\/inr-sa.ch\/de\/wp-json\/wp\/v2\/users\/1"}],"replies":[{"embeddable":true,"href":"https:\/\/inr-sa.ch\/de\/wp-json\/wp\/v2\/comments?post=12273"}],"version-history":[{"count":4,"href":"https:\/\/inr-sa.ch\/de\/wp-json\/wp\/v2\/pages\/12273\/revisions"}],"predecessor-version":[{"id":13296,"href":"https:\/\/inr-sa.ch\/de\/wp-json\/wp\/v2\/pages\/12273\/revisions\/13296"}],"wp:attachment":[{"href":"https:\/\/inr-sa.ch\/de\/wp-json\/wp\/v2\/media?parent=12273"}],"curies":[{"name":"wp","href":"https:\/\/api.w.org\/{rel}","templated":true}]}}